{"id":5974,"date":"2017-04-25T11:47:50","date_gmt":"2017-04-25T08:47:50","guid":{"rendered":"http:\/\/www.rekfoto.ee\/?page_id=5974"},"modified":"2017-11-29T09:17:19","modified_gmt":"2017-11-29T07:17:19","slug":"fotostuudio","status":"publish","type":"page","link":"https:\/\/www.rekfoto.ee\/en\/fotostuudio\/","title":{"rendered":"(Eesti) Fotostuudio"},"content":{"rendered":"<p><strong>Kristi Kuusmik-Orav<\/strong> on \u00d5ppinud P\u00e4rnu Kutsekekkoolis kunstnik-dekoraatori erialal ja t\u00f6\u00f6tanud P\u00e4rnus linnakujundajana. Sellele j\u00e4rgnesid Tallinnas ehitusinseneri \u00f5pingud ja t\u00f6\u00f6tamine Rahandusministeeriumis, peale mille tegi Kristi elus kannap\u00f6\u00f6rde ning v\u00f5ttis ette tee Ameerika \u00dchendriikidesse.<\/p>\n<p>USA-s asus ta 2003. aastal \u00f5ppima New Yorki Fotograafia Instituuti professionaalset fotograafiat, mille l\u00f5petas 2007. aastal. N\u00fc\u00fcdseks on Kristi eluaegsest kirest saanud tema t\u00f6\u00f6.<\/p>\n<p>Kristi \u00fctleb enda kohta:<br \/>\n\u201eSeitse aastat kestnud eluperiood teisel pool ookeani on kujundanud minu maailmavaadet ja inimeseks olemist. Seinast seina kogemus isiklikus elus ja t\u00f6\u00f6valdkonnas ning tohutu eneseavastamine on mind voolinud selleks, kes ma hetkel olen. Meid k\u00f5iki tahutakse l\u00e4bi meie elu \u00f5ppetundide! Fotograafia pisiku olen saanud oma emalt, kellega sai veedetud pikki \u00f6\u00f6tunde k\u00f6\u00f6gis punase tule valguses. Tollal vaimustas mind see kujutis, mis kui v\u00f5luv\u00e4el fotopaberile ilmus.<br \/>\nPeale tagasip\u00f6\u00f6rdumist Eestisse on minust ja mu abikaasast saanud kahe lapse \u00f5nnelikud vanemad. Lapsed on minu inspiratsiooniks ja p\u00f5hjuseks miks t\u00e4naseks olen oma ettev\u00f5ttes tegev looval alal, mis mind elus k\u00f5ige rohkem k\u00f6idab. Meie k\u00f5ige olulisem eesm\u00e4rk elus on olla \u00f5nnelik. Me kujundame oma elu l\u00e4bi oma kogemuste ja saame paremaks armastades vabadust olla me ise.\u201c<\/p>\n<p>Kristi on O\u00dc Rekfoto omanik ja tegevfotograaf. Ta on \u00f5petanud T\u00dc P\u00e4rnu Kolled\u017eis foto\u00f5petust\u00a0ning tootefotograafiat Tartu Rahva\u00fclikoolis.<\/p>\n<p><strong>Hinnakiri<\/strong><\/p>\n<p><strong>Fotograafid<\/strong><\/p>\n","protected":false},"excerpt":{"rendered":"<p>Kristi Kuusmik-Orav on \u00d5ppinud P\u00e4rnu Kutsekekkoolis kunstnik-dekoraatori erialal ja t\u00f6\u00f6tanud P\u00e4rnus linnakujundajana. Sellele j\u00e4rgnesid Tallinnas ehitusinseneri \u00f5pingud ja t\u00f6\u00f6tamine Rahandusministeeriumis, peale mille tegi Kristi elus kannap\u00f6\u00f6rde ning v\u00f5ttis ette tee Ameerika \u00dchendriikidesse. USA-s asus ta 2003. aastal \u00f5ppima New Yorki Fotograafia Instituuti professionaalset fotograafiat, mille l\u00f5petas 2007. aastal. N\u00fc\u00fcdseks on Kristi eluaegsest kirest saanud tema [&hellip;]<\/p>\n","protected":false},"author":1,"featured_media":0,"parent":0,"menu_order":0,"comment_status":"closed","ping_status":"closed","template":"","meta":{"footnotes":""},"_links":{"self":[{"href":"https:\/\/www.rekfoto.ee\/en\/wp-json\/wp\/v2\/pages\/5974"}],"collection":[{"href":"https:\/\/www.rekfoto.ee\/en\/wp-json\/wp\/v2\/pages"}],"about":[{"href":"https:\/\/www.rekfoto.ee\/en\/wp-json\/wp\/v2\/types\/page"}],"author":[{"embeddable":true,"href":"https:\/\/www.rekfoto.ee\/en\/wp-json\/wp\/v2\/users\/1"}],"replies":[{"embeddable":true,"href":"https:\/\/www.rekfoto.ee\/en\/wp-json\/wp\/v2\/comments?post=5974"}],"version-history":[{"count":38,"href":"https:\/\/www.rekfoto.ee\/en\/wp-json\/wp\/v2\/pages\/5974\/revisions"}],"predecessor-version":[{"id":6689,"href":"https:\/\/www.rekfoto.ee\/en\/wp-json\/wp\/v2\/pages\/5974\/revisions\/6689"}],"wp:attachment":[{"href":"https:\/\/www.rekfoto.ee\/en\/wp-json\/wp\/v2\/media?parent=5974"}],"curies":[{"name":"wp","href":"https:\/\/api.w.org\/{rel}","templated":true}]}}