{"id":6814,"date":"2018-02-16T19:12:13","date_gmt":"2018-02-16T17:12:13","guid":{"rendered":"http:\/\/www.rekfoto.ee\/?page_id=6814"},"modified":"2019-09-12T15:05:23","modified_gmt":"2019-09-12T12:05:23","slug":"turundusmaterjal","status":"publish","type":"page","link":"https:\/\/www.rekfoto.ee\/en\/graafiline-disain\/turundusmaterjal\/","title":{"rendered":"(Eesti) Turundusmaterjal"},"content":{"rendered":"\t\t<div data-elementor-type=\"wp-post\" data-elementor-id=\"6814\" class=\"elementor elementor-6814\" data-elementor-post-type=\"page\">\n\t\t\t\t\t\t<section class=\"elementor-section elementor-top-section elementor-element elementor-element-1e864aba elementor-section-stretched elementor-section-boxed elementor-section-height-default elementor-section-height-default\" data-id=\"1e864aba\" data-element_type=\"section\" data-settings=\"{&quot;stretch_section&quot;:&quot;section-stretched&quot;}\">\n\t\t\t\t\t\t<div class=\"elementor-container elementor-column-gap-default\">\n\t\t\t\t\t<div class=\"elementor-column elementor-col-50 elementor-top-column elementor-element elementor-element-62218e53\" data-id=\"62218e53\" data-element_type=\"column\">\n\t\t\t<div class=\"elementor-widget-wrap elementor-element-populated\">\n\t\t\t\t\t\t<div class=\"elementor-element elementor-element-1185aa18 elementor-widget elementor-widget-text-editor\" data-id=\"1185aa18\" data-element_type=\"widget\" data-widget_type=\"text-editor.default\">\n\t\t\t\t<div class=\"elementor-widget-container\">\n\t\t\t\t\t\t\t<p><span style=\"color: #7a7a7a;\"><a style=\"color: #7a7a7a;\" href=\"\/graafiline-disain\/logo-disain\">LOGO DISAIN<\/a><\/span><\/p><p>\u00a0<\/p><p><strong><span style=\"color: #7a7a7a;\"><a style=\"color: #7a7a7a;\" href=\"\/graafiline-disain\/turundusmaterjal\/\">TURUNDUSMATERJAL<\/a><\/span><\/strong><\/p><p>\u00a0<\/p><p><span style=\"color: #7a7a7a;\"><a style=\"color: #7a7a7a;\" href=\"\/graafiline-disain\/tootekataloog\">TOOTEKATALOOG<\/a><\/span><\/p><p>\u00a0<\/p><p><span style=\"color: #7a7a7a;\"><a style=\"color: #7a7a7a;\" href=\"\/graafiline-disain\/trukised\">TR\u00dcKISED<\/a><\/span><\/p>\t\t\t\t\t\t<\/div>\n\t\t\t\t<\/div>\n\t\t\t\t\t<\/div>\n\t\t<\/div>\n\t\t\t\t<div class=\"elementor-column elementor-col-50 elementor-top-column elementor-element elementor-element-1ba4a480\" data-id=\"1ba4a480\" data-element_type=\"column\">\n\t\t\t<div class=\"elementor-widget-wrap elementor-element-populated\">\n\t\t\t\t\t\t<div class=\"elementor-element elementor-element-28f89110 elementor-widget elementor-widget-shortcode\" data-id=\"28f89110\" data-element_type=\"widget\" data-widget_type=\"shortcode.default\">\n\t\t\t\t<div class=\"elementor-widget-container\">\n\t\t\t\t\t<div class=\"elementor-shortcode\"><div id=\"jig1\" class=\"justified-image-grid jig-2f79c48a6a55cc29ddc848a87840df2b jig-preset-1 jig-source-wp-gallery\"><div class=\"jig-clearfix\"><\/div><noscript id=\"jig1-html\" class=\"justified-image-grid-html\" data-lazy-src=\"skiplazyload\" data-src=\"skipunveillazyload\"><ul><li><a href=\"https:\/\/www.rekfoto.ee\/wp-content\/uploads\/2018\/02\/kujundus_graafiline_disain_tootefoto_kristi_kuusmik_orav_rekfoto_toidufotograaf_reklaamfoto_tootefotograaf_persoon_ametiportree-9-1024x1024.jpg\"><img fetchpriority=\"high\" decoding=\"async\" src=\"https:\/\/www.rekfoto.ee\/wp-content\/plugins\/justified-image-grid\/timthumb.php?src=https%3A%2F%2Fwww.rekfoto.ee%2Fwp-content%2Fuploads%2F2018%2F02%2Fkujundus_graafiline_disain_tootefoto_kristi_kuusmik_orav_rekfoto_toidufotograaf_reklaamfoto_tootefotograaf_persoon_ametiportree-9-1024x1024.jpg&amp;h=290&amp;q=90&amp;f=.jpg\" alt=\"Sinu Elustiil ajakirja kujundus ja k\u00fcljendus\" width=\"290\" height=\"290\" \/><\/a><p class=\"jig-HTMLdescription\">Sinu Elustiil ajakirja kujundus ja k\u00fcljendus<\/p><\/li><li><a href=\"https:\/\/www.rekfoto.ee\/wp-content\/uploads\/2018\/02\/turundusmaterjalid_rekfoto_tootefoto_toidufoto_fotograaf_parnus-1-2-1024x1024.jpg\"><img decoding=\"async\" src=\"https:\/\/www.rekfoto.ee\/wp-content\/plugins\/justified-image-grid\/timthumb.php?src=https%3A%2F%2Fwww.rekfoto.ee%2Fwp-content%2Fuploads%2F2018%2F02%2Fturundusmaterjalid_rekfoto_tootefoto_toidufoto_fotograaf_parnus-1-2-1024x1024.jpg&amp;h=290&amp;q=90&amp;f=.jpg\" alt=\"T\u00dc P\u00e4rnu kolled\u017ei l\u00f5put\u00f6\u00f6d\" width=\"290\" height=\"290\" \/><\/a><p class=\"jig-HTMLdescription\">T\u00dc P\u00e4rnu kolled\u017ei l\u00f5put\u00f6\u00f6d<\/p><\/li><li><a href=\"https:\/\/www.rekfoto.ee\/wp-content\/uploads\/2018\/02\/kujundus_graafiline_disain_tootefoto_kristi_kuusmik_orav_rekfoto_toidufotograaf_reklaamfoto_tootefotograaf_persoon_ametiportree-4-1024x482.jpg\"><img decoding=\"async\" src=\"https:\/\/www.rekfoto.ee\/wp-content\/plugins\/justified-image-grid\/timthumb.php?src=https%3A%2F%2Fwww.rekfoto.ee%2Fwp-content%2Fuploads%2F2018%2F02%2Fkujundus_graafiline_disain_tootefoto_kristi_kuusmik_orav_rekfoto_toidufotograaf_reklaamfoto_tootefotograaf_persoon_ametiportree-4-1024x482.jpg&amp;h=290&amp;q=90&amp;f=.jpg\" alt=\"Magrada Organic Cosmetics koseetikatoodete pakendite kujundused\" width=\"616\" height=\"290\" \/><\/a><p class=\"jig-HTMLdescription\">Magrada Organic Cosmetics koseetikatoodete pakendite kujundused<\/p><\/li><li><a href=\"https:\/\/www.rekfoto.ee\/wp-content\/uploads\/2018\/02\/turundusmaterjalid_rekfoto_tootefoto_toidufoto_fotograaf_parnus-23-1024x1024.jpg\"><img loading=\"lazy\" decoding=\"async\" src=\"https:\/\/www.rekfoto.ee\/wp-content\/plugins\/justified-image-grid\/timthumb.php?src=https%3A%2F%2Fwww.rekfoto.ee%2Fwp-content%2Fuploads%2F2018%2F02%2Fturundusmaterjalid_rekfoto_tootefoto_toidufoto_fotograaf_parnus-23-1024x1024.jpg&amp;h=290&amp;q=90&amp;f=.jpg\" alt=\"Ettev\u00f5tlik P\u00e4rnumaa ajakirja kujundus ja k\u00fcljendus\" width=\"290\" height=\"290\" \/><\/a><p class=\"jig-HTMLdescription\">Ettev\u00f5tlik P\u00e4rnumaa ajakirja kujundus ja k\u00fcljendus<\/p><\/li><li><a href=\"https:\/\/www.rekfoto.ee\/wp-content\/uploads\/2018\/02\/kujundus_graafiline_disain_tootefoto_kristi_kuusmik_orav_rekfoto_toidufotograaf_reklaamfoto_tootefotograaf_persoon_ametiportree-8-1024x1024.jpg\"><img loading=\"lazy\" decoding=\"async\" src=\"https:\/\/www.rekfoto.ee\/wp-content\/plugins\/justified-image-grid\/timthumb.php?src=https%3A%2F%2Fwww.rekfoto.ee%2Fwp-content%2Fuploads%2F2018%2F02%2Fkujundus_graafiline_disain_tootefoto_kristi_kuusmik_orav_rekfoto_toidufotograaf_reklaamfoto_tootefotograaf_persoon_ametiportree-8-1024x1024.jpg&amp;h=290&amp;q=90&amp;f=.jpg\" alt=\"Sinu Elustiil ajakirja kujundus ja k\u00fcljendus\" width=\"290\" height=\"290\" \/><\/a><p class=\"jig-HTMLdescription\">Sinu Elustiil ajakirja kujundus ja k\u00fcljendus<\/p><\/li><li><a href=\"https:\/\/www.rekfoto.ee\/wp-content\/uploads\/2018\/02\/turundusmaterjalid_rekfoto_tootefoto_toidufoto_fotograaf_parnus-11-1024x1024.jpg\"><img loading=\"lazy\" decoding=\"async\" src=\"https:\/\/www.rekfoto.ee\/wp-content\/plugins\/justified-image-grid\/timthumb.php?src=https%3A%2F%2Fwww.rekfoto.ee%2Fwp-content%2Fuploads%2F2018%2F02%2Fturundusmaterjalid_rekfoto_tootefoto_toidufoto_fotograaf_parnus-11-1024x1024.jpg&amp;h=290&amp;q=90&amp;f=.jpg\" alt=\"Minibeebi pakend\" width=\"290\" height=\"290\" \/><\/a><p class=\"jig-HTMLdescription\">Minibeebi pakend<\/p><\/li><li><a href=\"https:\/\/www.rekfoto.ee\/wp-content\/uploads\/2018\/02\/kujundus_graafiline_disain_tootefoto_kristi_kuusmik_orav_rekfoto_toidufotograaf_reklaamfoto_tootefotograaf_persoon_ametiportree-15-1024x1024.jpg\"><img loading=\"lazy\" decoding=\"async\" src=\"https:\/\/www.rekfoto.ee\/wp-content\/plugins\/justified-image-grid\/timthumb.php?src=https%3A%2F%2Fwww.rekfoto.ee%2Fwp-content%2Fuploads%2F2018%2F02%2Fkujundus_graafiline_disain_tootefoto_kristi_kuusmik_orav_rekfoto_toidufotograaf_reklaamfoto_tootefotograaf_persoon_ametiportree-15-1024x1024.jpg&amp;h=290&amp;q=90&amp;f=.jpg\" alt=\"Apocalypto tootekataloogi kujundus ja k\u00fcljendus\" width=\"290\" height=\"290\" \/><\/a><p class=\"jig-HTMLdescription\">Apocalypto tootekataloogi kujundus ja k\u00fcljendus<\/p><\/li><li><a href=\"https:\/\/www.rekfoto.ee\/wp-content\/uploads\/2018\/02\/turundusmaterjalid_rekfoto_tootefoto_toidufoto_fotograaf_parnus-3-1024x1024.jpg\"><img loading=\"lazy\" decoding=\"async\" src=\"https:\/\/www.rekfoto.ee\/wp-content\/plugins\/justified-image-grid\/timthumb.php?src=https%3A%2F%2Fwww.rekfoto.ee%2Fwp-content%2Fuploads%2F2018%2F02%2Fturundusmaterjalid_rekfoto_tootefoto_toidufoto_fotograaf_parnus-3-1024x1024.jpg&amp;h=290&amp;q=90&amp;f=.jpg\" alt=\"Delle mesi\" width=\"290\" height=\"290\" \/><\/a><p class=\"jig-HTMLdescription\">Delle mesi<\/p><\/li><li><a href=\"https:\/\/www.rekfoto.ee\/wp-content\/uploads\/2018\/02\/kujundus_graafiline_disain_tootefoto_kristi_kuusmik_orav_rekfoto_toidufotograaf_reklaamfoto_tootefotograaf_persoon_ametiportree-3-1024x1024.jpg\"><img loading=\"lazy\" decoding=\"async\" src=\"https:\/\/www.rekfoto.ee\/wp-content\/plugins\/justified-image-grid\/timthumb.php?src=https%3A%2F%2Fwww.rekfoto.ee%2Fwp-content%2Fuploads%2F2018%2F02%2Fkujundus_graafiline_disain_tootefoto_kristi_kuusmik_orav_rekfoto_toidufotograaf_reklaamfoto_tootefotograaf_persoon_ametiportree-3-1024x1024.jpg&amp;h=290&amp;q=90&amp;f=.jpg\" alt=\"ajakirja kaas\" width=\"290\" height=\"290\" \/><\/a><p class=\"jig-HTMLdescription\">ajakirja kaas<\/p><\/li><li><a href=\"https:\/\/www.rekfoto.ee\/wp-content\/uploads\/2018\/02\/turundusmaterjalid_rekfoto_tootefoto_toidufoto_fotograaf_parnus-9-1024x1024.jpg\"><img loading=\"lazy\" decoding=\"async\" src=\"https:\/\/www.rekfoto.ee\/wp-content\/plugins\/justified-image-grid\/timthumb.php?src=https%3A%2F%2Fwww.rekfoto.ee%2Fwp-content%2Fuploads%2F2018%2F02%2Fturundusmaterjalid_rekfoto_tootefoto_toidufoto_fotograaf_parnus-9-1024x1024.jpg&amp;h=290&amp;q=90&amp;f=.jpg\" alt=\"Ettev\u00f5tlik P\u00e4rnakas\" width=\"290\" height=\"290\" \/><\/a><p class=\"jig-HTMLdescription\">Ettev\u00f5tlik P\u00e4rnakas<\/p><\/li><li><a href=\"https:\/\/www.rekfoto.ee\/wp-content\/uploads\/2018\/02\/kujundus_graafiline_disain_tootefoto_kristi_kuusmik_orav_rekfoto_toidufotograaf_reklaamfoto_tootefotograaf_persoon_ametiportree-5-1024x1024.jpg\"><img loading=\"lazy\" decoding=\"async\" src=\"https:\/\/www.rekfoto.ee\/wp-content\/plugins\/justified-image-grid\/timthumb.php?src=https%3A%2F%2Fwww.rekfoto.ee%2Fwp-content%2Fuploads%2F2018%2F02%2Fkujundus_graafiline_disain_tootefoto_kristi_kuusmik_orav_rekfoto_toidufotograaf_reklaamfoto_tootefotograaf_persoon_ametiportree-5-1024x1024.jpg&amp;h=290&amp;q=90&amp;f=.jpg\" alt=\"Adrem P\u00e4rnu tr\u00fckise kujundus\" width=\"290\" height=\"290\" \/><\/a><p class=\"jig-HTMLdescription\">Adrem P\u00e4rnu tr\u00fckise kujundus<\/p><\/li><li><a href=\"https:\/\/www.rekfoto.ee\/wp-content\/uploads\/2018\/02\/turundusmaterjalid_rekfoto_tootefoto_toidufoto_fotograaf_parnus-7-1024x1024.jpg\"><img loading=\"lazy\" decoding=\"async\" src=\"https:\/\/www.rekfoto.ee\/wp-content\/plugins\/justified-image-grid\/timthumb.php?src=https%3A%2F%2Fwww.rekfoto.ee%2Fwp-content%2Fuploads%2F2018%2F02%2Fturundusmaterjalid_rekfoto_tootefoto_toidufoto_fotograaf_parnus-7-1024x1024.jpg&amp;h=290&amp;q=90&amp;f=.jpg\" alt=\"Hydrokoda\" width=\"290\" height=\"290\" \/><\/a><p class=\"jig-HTMLdescription\">Hydrokoda<\/p><\/li><li><a href=\"https:\/\/www.rekfoto.ee\/wp-content\/uploads\/2018\/02\/kujundus_graafiline_disain_tootefoto_kristi_kuusmik_orav_rekfoto_toidufotograaf_reklaamfoto_tootefotograaf_persoon_ametiportree-10-1024x1024.jpg\"><img loading=\"lazy\" decoding=\"async\" src=\"https:\/\/www.rekfoto.ee\/wp-content\/plugins\/justified-image-grid\/timthumb.php?src=https%3A%2F%2Fwww.rekfoto.ee%2Fwp-content%2Fuploads%2F2018%2F02%2Fkujundus_graafiline_disain_tootefoto_kristi_kuusmik_orav_rekfoto_toidufotograaf_reklaamfoto_tootefotograaf_persoon_ametiportree-10-1024x1024.jpg&amp;h=290&amp;q=90&amp;f=.jpg\" alt=\"Sinu Elustiil ajakirja kujundus ja k\u00fcljendus\" width=\"290\" height=\"290\" \/><\/a><p class=\"jig-HTMLdescription\">Sinu Elustiil ajakirja kujundus ja k\u00fcljendus<\/p><\/li><li><a href=\"https:\/\/www.rekfoto.ee\/wp-content\/uploads\/2018\/02\/turundusmaterjalid_rekfoto_tootefoto_toidufoto_fotograaf_parnus-5-1024x1024.jpg\"><img loading=\"lazy\" decoding=\"async\" src=\"https:\/\/www.rekfoto.ee\/wp-content\/plugins\/justified-image-grid\/timthumb.php?src=https%3A%2F%2Fwww.rekfoto.ee%2Fwp-content%2Fuploads%2F2018%2F02%2Fturundusmaterjalid_rekfoto_tootefoto_toidufoto_fotograaf_parnus-5-1024x1024.jpg&amp;h=290&amp;q=90&amp;f=.jpg\" alt=\"Ely Karjam\/ j\u00e4\u00e4tise kleepsud\" width=\"290\" height=\"290\" \/><\/a><p class=\"jig-HTMLdescription\">Ely Karjam\/ j\u00e4\u00e4tise kleepsud<\/p><\/li><li><a href=\"https:\/\/www.rekfoto.ee\/wp-content\/uploads\/2018\/02\/kujundus_graafiline_disain_tootefoto_kristi_kuusmik_orav_rekfoto_toidufotograaf_reklaamfoto_tootefotograaf_persoon_ametiportree-7-1024x1024.jpg\"><img loading=\"lazy\" decoding=\"async\" src=\"https:\/\/www.rekfoto.ee\/wp-content\/plugins\/justified-image-grid\/timthumb.php?src=https%3A%2F%2Fwww.rekfoto.ee%2Fwp-content%2Fuploads%2F2018%2F02%2Fkujundus_graafiline_disain_tootefoto_kristi_kuusmik_orav_rekfoto_toidufotograaf_reklaamfoto_tootefotograaf_persoon_ametiportree-7-1024x1024.jpg&amp;h=290&amp;q=90&amp;f=.jpg\" alt=\"Pesuliisu tootesildid\" width=\"290\" height=\"290\" \/><\/a><p class=\"jig-HTMLdescription\">Pesuliisu tootesildid<\/p><\/li><li><a href=\"https:\/\/www.rekfoto.ee\/wp-content\/uploads\/2018\/02\/turundusmaterjalid_rekfoto_tootefoto_toidufoto_fotograaf_parnus-25-1024x1024.jpg\"><img loading=\"lazy\" decoding=\"async\" src=\"https:\/\/www.rekfoto.ee\/wp-content\/plugins\/justified-image-grid\/timthumb.php?src=https%3A%2F%2Fwww.rekfoto.ee%2Fwp-content%2Fuploads%2F2018%2F02%2Fturundusmaterjalid_rekfoto_tootefoto_toidufoto_fotograaf_parnus-25-1024x1024.jpg&amp;h=290&amp;q=90&amp;f=.jpg\" alt=\"Retail Security\/ turvaelemendid\" width=\"290\" height=\"290\" \/><\/a><p class=\"jig-HTMLdescription\">Retail Security\/ turvaelemendid<\/p><\/li><li><a href=\"https:\/\/www.rekfoto.ee\/wp-content\/uploads\/2018\/02\/kujundus_graafiline_disain_tootefoto_kristi_kuusmik_orav_rekfoto_toidufotograaf_reklaamfoto_tootefotograaf_persoon_ametiportree-6-1024x1024.jpg\"><img loading=\"lazy\" decoding=\"async\" src=\"https:\/\/www.rekfoto.ee\/wp-content\/plugins\/justified-image-grid\/timthumb.php?src=https%3A%2F%2Fwww.rekfoto.ee%2Fwp-content%2Fuploads%2F2018%2F02%2Fkujundus_graafiline_disain_tootefoto_kristi_kuusmik_orav_rekfoto_toidufotograaf_reklaamfoto_tootefotograaf_persoon_ametiportree-6-1024x1024.jpg&amp;h=290&amp;q=90&amp;f=.jpg\" alt=\"Oliveri Rattarendi tr\u00fckise kujundus\" width=\"290\" height=\"290\" \/><\/a><p class=\"jig-HTMLdescription\">Oliveri Rattarendi tr\u00fckise kujundus<\/p><\/li><li><a href=\"https:\/\/www.rekfoto.ee\/wp-content\/uploads\/2018\/02\/turundusmaterjalid_rekfoto_tootefoto_toidufoto_fotograaf_parnus-13-1024x1024.jpg\"><img loading=\"lazy\" decoding=\"async\" src=\"https:\/\/www.rekfoto.ee\/wp-content\/plugins\/justified-image-grid\/timthumb.php?src=https%3A%2F%2Fwww.rekfoto.ee%2Fwp-content%2Fuploads%2F2018%2F02%2Fturundusmaterjalid_rekfoto_tootefoto_toidufoto_fotograaf_parnus-13-1024x1024.jpg&amp;h=290&amp;q=90&amp;f=.jpg\" alt=\"T\u00dc P\u00e4rnu kolled\u017e\/ meene silt\" width=\"290\" height=\"290\" \/><\/a><p class=\"jig-HTMLdescription\">T\u00dc P\u00e4rnu kolled\u017e\/ meene silt<\/p><\/li><li><a href=\"https:\/\/www.rekfoto.ee\/wp-content\/uploads\/2018\/02\/kujundus_graafiline_disain_tootefoto_kristi_kuusmik_orav_rekfoto_toidufotograaf_reklaamfoto_tootefotograaf_persoon_ametiportree-12-1024x1024.jpg\"><img loading=\"lazy\" decoding=\"async\" src=\"https:\/\/www.rekfoto.ee\/wp-content\/plugins\/justified-image-grid\/timthumb.php?src=https%3A%2F%2Fwww.rekfoto.ee%2Fwp-content%2Fuploads%2F2018%2F02%2Fkujundus_graafiline_disain_tootefoto_kristi_kuusmik_orav_rekfoto_toidufotograaf_reklaamfoto_tootefotograaf_persoon_ametiportree-12-1024x1024.jpg&amp;h=290&amp;q=90&amp;f=.jpg\" alt=\"Kihnu Kalur flaieri kujundus\" width=\"290\" height=\"290\" \/><\/a><p class=\"jig-HTMLdescription\">Kihnu Kalur flaieri kujundus<\/p><\/li><li><a href=\"https:\/\/www.rekfoto.ee\/wp-content\/uploads\/2018\/02\/turundusmaterjalid_rekfoto_tootefoto_toidufoto_fotograaf_parnus-1-1024x1024.jpg\"><img loading=\"lazy\" decoding=\"async\" src=\"https:\/\/www.rekfoto.ee\/wp-content\/plugins\/justified-image-grid\/timthumb.php?src=https%3A%2F%2Fwww.rekfoto.ee%2Fwp-content%2Fuploads%2F2018%2F02%2Fturundusmaterjalid_rekfoto_tootefoto_toidufoto_fotograaf_parnus-1-1024x1024.jpg&amp;h=290&amp;q=90&amp;f=.jpg\" alt=\"Classic Catering\" width=\"290\" height=\"290\" \/><\/a><p class=\"jig-HTMLdescription\">Classic Catering<\/p><\/li><li><a href=\"https:\/\/www.rekfoto.ee\/wp-content\/uploads\/2018\/02\/kujundus_graafiline_disain_tootefoto_kristi_kuusmik_orav_rekfoto_toidufotograaf_reklaamfoto_tootefotograaf_persoon_ametiportree-13-1024x1024.jpg\"><img loading=\"lazy\" decoding=\"async\" src=\"https:\/\/www.rekfoto.ee\/wp-content\/plugins\/justified-image-grid\/timthumb.php?src=https%3A%2F%2Fwww.rekfoto.ee%2Fwp-content%2Fuploads%2F2018%2F02%2Fkujundus_graafiline_disain_tootefoto_kristi_kuusmik_orav_rekfoto_toidufotograaf_reklaamfoto_tootefotograaf_persoon_ametiportree-13-1024x1024.jpg&amp;h=290&amp;q=90&amp;f=.jpg\" alt=\"Bestbin reklaami kujundus\" width=\"290\" height=\"290\" \/><\/a><p class=\"jig-HTMLdescription\">Bestbin reklaami kujundus<\/p><\/li><li><a href=\"https:\/\/www.rekfoto.ee\/wp-content\/uploads\/2018\/02\/turundusmaterjalid_rekfoto_tootefoto_toidufoto_fotograaf_parnus-2-1024x1024.jpg\"><img loading=\"lazy\" decoding=\"async\" src=\"https:\/\/www.rekfoto.ee\/wp-content\/plugins\/justified-image-grid\/timthumb.php?src=https%3A%2F%2Fwww.rekfoto.ee%2Fwp-content%2Fuploads%2F2018%2F02%2Fturundusmaterjalid_rekfoto_tootefoto_toidufoto_fotograaf_parnus-2-1024x1024.jpg&amp;h=290&amp;q=90&amp;f=.jpg\" alt=\"Classic Catering\" width=\"290\" height=\"290\" \/><\/a><p class=\"jig-HTMLdescription\">Classic Catering<\/p><\/li><li><a href=\"https:\/\/www.rekfoto.ee\/wp-content\/uploads\/2018\/02\/kujundus_graafiline_disain_tootefoto_kristi_kuusmik_orav_rekfoto_toidufotograaf_reklaamfoto_tootefotograaf_persoon_ametiportree-14-1024x1024.jpg\"><img loading=\"lazy\" decoding=\"async\" src=\"https:\/\/www.rekfoto.ee\/wp-content\/plugins\/justified-image-grid\/timthumb.php?src=https%3A%2F%2Fwww.rekfoto.ee%2Fwp-content%2Fuploads%2F2018%2F02%2Fkujundus_graafiline_disain_tootefoto_kristi_kuusmik_orav_rekfoto_toidufotograaf_reklaamfoto_tootefotograaf_persoon_ametiportree-14-1024x1024.jpg&amp;h=290&amp;q=90&amp;f=.jpg\" alt=\"Pakri Teadus- ja T\u00f6\u00f6stuspargi reklaammaterjal\" width=\"290\" height=\"290\" \/><\/a><p class=\"jig-HTMLdescription\">Pakri Teadus- ja T\u00f6\u00f6stuspargi reklaammaterjal<\/p><\/li><li><a href=\"https:\/\/www.rekfoto.ee\/wp-content\/uploads\/2018\/02\/turundusmaterjalid_rekfoto_tootefoto_toidufoto_fotograaf_parnus-4-1024x1024.jpg\"><img loading=\"lazy\" decoding=\"async\" src=\"https:\/\/www.rekfoto.ee\/wp-content\/plugins\/justified-image-grid\/timthumb.php?src=https%3A%2F%2Fwww.rekfoto.ee%2Fwp-content%2Fuploads%2F2018%2F02%2Fturundusmaterjalid_rekfoto_tootefoto_toidufoto_fotograaf_parnus-4-1024x1024.jpg&amp;h=290&amp;q=90&amp;f=.jpg\" alt=\"Elly Karjam\/ seebi pakend\" width=\"290\" height=\"290\" \/><\/a><p class=\"jig-HTMLdescription\">Elly Karjam\/ seebi pakend<\/p><\/li><li><a href=\"https:\/\/www.rekfoto.ee\/wp-content\/uploads\/2018\/02\/turundusmaterjalid_rekfoto_tootefoto_toidufoto_fotograaf_parnus-6-1024x1024.jpg\"><img loading=\"lazy\" decoding=\"async\" src=\"https:\/\/www.rekfoto.ee\/wp-content\/plugins\/justified-image-grid\/timthumb.php?src=https%3A%2F%2Fwww.rekfoto.ee%2Fwp-content%2Fuploads%2F2018%2F02%2Fturundusmaterjalid_rekfoto_tootefoto_toidufoto_fotograaf_parnus-6-1024x1024.jpg&amp;h=290&amp;q=90&amp;f=.jpg\" alt=\"Fashionkids\" width=\"290\" height=\"290\" \/><\/a><p class=\"jig-HTMLdescription\">Fashionkids<\/p><\/li><li><a href=\"https:\/\/www.rekfoto.ee\/wp-content\/uploads\/2018\/02\/turundusmaterjalid_rekfoto_tootefoto_toidufoto_fotograaf_parnus-8-1024x1024.jpg\"><img loading=\"lazy\" decoding=\"async\" src=\"https:\/\/www.rekfoto.ee\/wp-content\/plugins\/justified-image-grid\/timthumb.php?src=https%3A%2F%2Fwww.rekfoto.ee%2Fwp-content%2Fuploads%2F2018%2F02%2Fturundusmaterjalid_rekfoto_tootefoto_toidufoto_fotograaf_parnus-8-1024x1024.jpg&amp;h=290&amp;q=90&amp;f=.jpg\" alt=\"Marwi\" width=\"290\" height=\"290\" \/><\/a><p class=\"jig-HTMLdescription\">Marwi<\/p><\/li><li><a href=\"https:\/\/www.rekfoto.ee\/wp-content\/uploads\/2018\/02\/turundusmaterjalid_rekfoto_tootefoto_toidufoto_fotograaf_parnus-14-1024x1024.jpg\"><img loading=\"lazy\" decoding=\"async\" src=\"https:\/\/www.rekfoto.ee\/wp-content\/plugins\/justified-image-grid\/timthumb.php?src=https%3A%2F%2Fwww.rekfoto.ee%2Fwp-content%2Fuploads%2F2018%2F02%2Fturundusmaterjalid_rekfoto_tootefoto_toidufoto_fotograaf_parnus-14-1024x1024.jpg&amp;h=290&amp;q=90&amp;f=.jpg\" alt=\"T\u00dc P\u00e4rnu kolled\u017e\" width=\"290\" height=\"290\" \/><\/a><p class=\"jig-HTMLdescription\">T\u00dc P\u00e4rnu kolled\u017e<\/p><\/li><li><a href=\"https:\/\/www.rekfoto.ee\/wp-content\/uploads\/2018\/02\/turundusmaterjalid_rekfoto_tootefoto_toidufoto_fotograaf_parnus-10-1024x1024.jpg\"><img loading=\"lazy\" decoding=\"async\" src=\"https:\/\/www.rekfoto.ee\/wp-content\/plugins\/justified-image-grid\/timthumb.php?src=https%3A%2F%2Fwww.rekfoto.ee%2Fwp-content%2Fuploads%2F2018%2F02%2Fturundusmaterjalid_rekfoto_tootefoto_toidufoto_fotograaf_parnus-10-1024x1024.jpg&amp;h=290&amp;q=90&amp;f=.jpg\" alt=\"Ettev\u00f5tlik noor\" width=\"290\" height=\"290\" \/><\/a><p class=\"jig-HTMLdescription\">Ettev\u00f5tlik noor<\/p><\/li><li><a href=\"https:\/\/www.rekfoto.ee\/wp-content\/uploads\/2018\/02\/turundusmaterjalid_rekfoto_tootefoto_toidufoto_fotograaf_parnus-12-1024x1024.jpg\"><img loading=\"lazy\" decoding=\"async\" src=\"https:\/\/www.rekfoto.ee\/wp-content\/plugins\/justified-image-grid\/timthumb.php?src=https%3A%2F%2Fwww.rekfoto.ee%2Fwp-content%2Fuploads%2F2018%2F02%2Fturundusmaterjalid_rekfoto_tootefoto_toidufoto_fotograaf_parnus-12-1024x1024.jpg&amp;h=290&amp;q=90&amp;f=.jpg\" alt=\"L\u00f5ngad, niidid, n\u00f6\u00f6bid\" width=\"290\" height=\"290\" \/><\/a><p class=\"jig-HTMLdescription\">L\u00f5ngad, niidid, n\u00f6\u00f6bid<\/p><\/li><li><a href=\"https:\/\/www.rekfoto.ee\/wp-content\/uploads\/2018\/02\/turundusmaterjalid_rekfoto_tootefoto_toidufoto_fotograaf_parnus-17-1024x1024.jpg\"><img loading=\"lazy\" decoding=\"async\" src=\"https:\/\/www.rekfoto.ee\/wp-content\/plugins\/justified-image-grid\/timthumb.php?src=https%3A%2F%2Fwww.rekfoto.ee%2Fwp-content%2Fuploads%2F2018%2F02%2Fturundusmaterjalid_rekfoto_tootefoto_toidufoto_fotograaf_parnus-17-1024x1024.jpg&amp;h=290&amp;q=90&amp;f=.jpg\" alt=\"Lastesuu\/ postkaardid, rahakaardid\" width=\"290\" height=\"290\" \/><\/a><p class=\"jig-HTMLdescription\">Lastesuu\/ postkaardid, rahakaardid<\/p><\/li><li><a href=\"https:\/\/www.rekfoto.ee\/wp-content\/uploads\/2018\/02\/turundusmaterjalid_rekfoto_tootefoto_toidufoto_fotograaf_parnus-21-1024x1024.jpg\"><img loading=\"lazy\" decoding=\"async\" src=\"https:\/\/www.rekfoto.ee\/wp-content\/plugins\/justified-image-grid\/timthumb.php?src=https%3A%2F%2Fwww.rekfoto.ee%2Fwp-content%2Fuploads%2F2018%2F02%2Fturundusmaterjalid_rekfoto_tootefoto_toidufoto_fotograaf_parnus-21-1024x1024.jpg&amp;h=290&amp;q=90&amp;f=.jpg\" alt=\"Monik\/ bro\u0161\u00fc\u00fcr\" width=\"290\" height=\"290\" \/><\/a><p class=\"jig-HTMLdescription\">Monik\/ bro\u0161\u00fc\u00fcr<\/p><\/li><li><a href=\"https:\/\/www.rekfoto.ee\/wp-content\/uploads\/2018\/02\/turundusmaterjalid_rekfoto_tootefoto_toidufoto_fotograaf_parnus-22-1024x1024.jpg\"><img loading=\"lazy\" decoding=\"async\" src=\"https:\/\/www.rekfoto.ee\/wp-content\/plugins\/justified-image-grid\/timthumb.php?src=https%3A%2F%2Fwww.rekfoto.ee%2Fwp-content%2Fuploads%2F2018%2F02%2Fturundusmaterjalid_rekfoto_tootefoto_toidufoto_fotograaf_parnus-22-1024x1024.jpg&amp;h=290&amp;q=90&amp;f=.jpg\" alt=\"Muffy\/ kalenderm\u00e4rkmik\" width=\"290\" height=\"290\" \/><\/a><p class=\"jig-HTMLdescription\">Muffy\/ kalenderm\u00e4rkmik<\/p><\/li><li><a href=\"https:\/\/www.rekfoto.ee\/wp-content\/uploads\/2018\/02\/turundusmaterjalid_rekfoto_tootefoto_toidufoto_fotograaf_parnus-24-1024x1024.jpg\"><img loading=\"lazy\" decoding=\"async\" src=\"https:\/\/www.rekfoto.ee\/wp-content\/plugins\/justified-image-grid\/timthumb.php?src=https%3A%2F%2Fwww.rekfoto.ee%2Fwp-content%2Fuploads%2F2018%2F02%2Fturundusmaterjalid_rekfoto_tootefoto_toidufoto_fotograaf_parnus-24-1024x1024.jpg&amp;h=290&amp;q=90&amp;f=.jpg\" alt=\"P\u00e4rnu majandusfoorum\/ visuaal\" width=\"290\" height=\"290\" \/><\/a><p class=\"jig-HTMLdescription\">P\u00e4rnu majandusfoorum\/ visuaal<\/p><\/li><li><a href=\"https:\/\/www.rekfoto.ee\/wp-content\/uploads\/2018\/02\/turundusmaterjalid_rekfoto_tootefoto_toidufoto_fotograaf_parnus-27-1024x1024.jpg\"><img loading=\"lazy\" decoding=\"async\" src=\"https:\/\/www.rekfoto.ee\/wp-content\/plugins\/justified-image-grid\/timthumb.php?src=https%3A%2F%2Fwww.rekfoto.ee%2Fwp-content%2Fuploads%2F2018%2F02%2Fturundusmaterjalid_rekfoto_tootefoto_toidufoto_fotograaf_parnus-27-1024x1024.jpg&amp;h=290&amp;q=90&amp;f=.jpg\" alt=\"Valgeranna Puhkekeskus\/ visuaal\" width=\"290\" height=\"290\" \/><\/a><p class=\"jig-HTMLdescription\">Valgeranna Puhkekeskus\/ visuaal<\/p><\/li><\/ul><\/noscript><\/div><\/div>\n\t\t\t\t<\/div>\n\t\t\t\t<\/div>\n\t\t\t\t\t<\/div>\n\t\t<\/div>\n\t\t\t\t\t<\/div>\n\t\t<\/section>\n\t\t\t\t<\/div>\n\t\t","protected":false},"excerpt":{"rendered":"<p>LOGO DISAIN \u00a0 TURUNDUSMATERJAL \u00a0 TOOTEKATALOOG \u00a0 TR\u00dcKISED<\/p>\n","protected":false},"author":1,"featured_media":0,"parent":6619,"menu_order":0,"comment_status":"closed","ping_status":"closed","template":"","meta":{"footnotes":""},"_links":{"self":[{"href":"https:\/\/www.rekfoto.ee\/en\/wp-json\/wp\/v2\/pages\/6814"}],"collection":[{"href":"https:\/\/www.rekfoto.ee\/en\/wp-json\/wp\/v2\/pages"}],"about":[{"href":"https:\/\/www.rekfoto.ee\/en\/wp-json\/wp\/v2\/types\/page"}],"author":[{"embeddable":true,"href":"https:\/\/www.rekfoto.ee\/en\/wp-json\/wp\/v2\/users\/1"}],"replies":[{"embeddable":true,"href":"https:\/\/www.rekfoto.ee\/en\/wp-json\/wp\/v2\/comments?post=6814"}],"version-history":[{"count":8,"href":"https:\/\/www.rekfoto.ee\/en\/wp-json\/wp\/v2\/pages\/6814\/revisions"}],"predecessor-version":[{"id":9063,"href":"https:\/\/www.rekfoto.ee\/en\/wp-json\/wp\/v2\/pages\/6814\/revisions\/9063"}],"up":[{"embeddable":true,"href":"https:\/\/www.rekfoto.ee\/en\/wp-json\/wp\/v2\/pages\/6619"}],"wp:attachment":[{"href":"https:\/\/www.rekfoto.ee\/en\/wp-json\/wp\/v2\/media?parent=6814"}],"curies":[{"name":"wp","href":"https:\/\/api.w.org\/{rel}","templated":true}]}}