{"id":6833,"date":"2018-02-16T19:25:42","date_gmt":"2018-02-16T17:25:42","guid":{"rendered":"http:\/\/www.rekfoto.ee\/?page_id=6833"},"modified":"2020-04-29T15:05:22","modified_gmt":"2020-04-29T12:05:22","slug":"erakoolitus","status":"publish","type":"page","link":"https:\/\/www.rekfoto.ee\/en\/koolitused\/erakoolitus\/","title":{"rendered":"(Eesti) Erakoolitus"},"content":{"rendered":"\t\t<div data-elementor-type=\"wp-post\" data-elementor-id=\"6833\" class=\"elementor elementor-6833\" data-elementor-post-type=\"page\">\n\t\t\t\t\t\t<section class=\"elementor-section elementor-top-section elementor-element elementor-element-37a175a3 elementor-section-stretched elementor-section-boxed elementor-section-height-default elementor-section-height-default\" data-id=\"37a175a3\" data-element_type=\"section\" data-settings=\"{&quot;stretch_section&quot;:&quot;section-stretched&quot;}\">\n\t\t\t\t\t\t<div class=\"elementor-container elementor-column-gap-default\">\n\t\t\t\t\t<div class=\"elementor-column elementor-col-33 elementor-top-column elementor-element elementor-element-1a35917a\" data-id=\"1a35917a\" data-element_type=\"column\">\n\t\t\t<div class=\"elementor-widget-wrap elementor-element-populated\">\n\t\t\t\t\t\t<div class=\"elementor-element elementor-element-7466284f elementor-widget elementor-widget-text-editor\" data-id=\"7466284f\" data-element_type=\"widget\" data-widget_type=\"text-editor.default\">\n\t\t\t\t<div class=\"elementor-widget-container\">\n\t\t\t\t\t\t\t<p><span style=\"color: #7a7a7a;\"><a style=\"color: #7a7a7a;\" href=\"\/koolitused\/koolitaja\">KOOLITAJA<\/a><\/span><\/p><p>\u00a0<\/p><p><strong><span style=\"color: #7a7a7a;\"><a style=\"color: #7a7a7a;\" href=\"\/koolitused\/erakoolitus\">ERAKOOLITUS<\/a><\/span><\/strong><\/p><p>\u00a0<\/p><p><span style=\"color: #7a7a7a;\"><a style=\"color: #7a7a7a;\" href=\"\/koolitused\/fotograafia-abc\/\">FOTOGRAAFIA ABC<\/a><\/span><\/p><p>\u00a0<\/p><p><span style=\"color: #7a7a7a;\"><a style=\"color: #7a7a7a;\" href=\"\/koolitused\/maakleritele\">MAAKLERITELE<\/a><\/span><\/p>\t\t\t\t\t\t<\/div>\n\t\t\t\t<\/div>\n\t\t\t\t\t<\/div>\n\t\t<\/div>\n\t\t\t\t<div class=\"elementor-column elementor-col-33 elementor-top-column elementor-element elementor-element-7c062c66\" data-id=\"7c062c66\" data-element_type=\"column\">\n\t\t\t<div class=\"elementor-widget-wrap elementor-element-populated\">\n\t\t\t\t\t\t<div class=\"elementor-element elementor-element-6a895ab2 elementor-widget elementor-widget-text-editor\" data-id=\"6a895ab2\" data-element_type=\"widget\" data-widget_type=\"text-editor.default\">\n\t\t\t\t<div class=\"elementor-widget-container\">\n\t\t\t\t\t\t\t<p>Fotograafia-alane erakoolitus ja\/v\u00f5i konsultatsioon kas tunni v\u00f5i p\u00e4eva arvestusega. Koolituse sisuks on lihtsamate teadmiste edasiandmine: fotograafia ABC, fotoaparaadi kasutus ja fotot\u00f6\u00f6tluse algteadmiste selgitamiseks. Sobib eraviisilislt v\u00f5i v\u00e4iksematele gruppidele.<\/p>\n<p><b>&nbsp;<\/b><\/p>\n<p><b>Hind alates 42\u20ac\/h (sisaldab k\u00e4ibemaksu)<\/b><\/p>\n<p><b>&nbsp;<\/b><\/p>\n<p><span style=\"background-color: rgb(245, 245, 245);\">Fotograafia-alane t\u00e4iendkoolitus ja\/v\u00f5i konsultatsioon spetsiifilistel teemadel: tootefotograafia, toidufotograafia, ja edasij\u00f5udnute fotot\u00f6\u00f6tlus. Sobib eraviisiliselt ja ettev\u00f5tetele v\u00e4ikeste gruppidena.<\/span><\/p>\n<p><span style=\"color: #222222;\">&nbsp;<\/span><\/p>\n<p><span style=\"background-color: #f5f5f5; color: #222222; font-weight: bold;\">Hind alates 50\u20ac\/h (sisaldab k\u00e4ibemaksu)<\/span><span style=\"color: #222222;\"><br><\/span><\/p>\n<p><span style=\"background-color: #f5f5f5; color: #222222; font-weight: bold;\">&nbsp;<\/span><\/p>\n<p><span style=\"background-color: #f5f5f5; color: #222222; font-weight: bold;\">K\u00fcsi lisa info@rekfoto.ee<\/span><\/p>\t\t\t\t\t\t<\/div>\n\t\t\t\t<\/div>\n\t\t\t\t\t<\/div>\n\t\t<\/div>\n\t\t\t\t<div class=\"elementor-column elementor-col-33 elementor-top-column elementor-element elementor-element-620e3183\" data-id=\"620e3183\" data-element_type=\"column\">\n\t\t\t<div class=\"elementor-widget-wrap elementor-element-populated\">\n\t\t\t\t\t\t<div class=\"elementor-element elementor-element-68563430 elementor-widget elementor-widget-shortcode\" data-id=\"68563430\" data-element_type=\"widget\" data-widget_type=\"shortcode.default\">\n\t\t\t\t<div class=\"elementor-widget-container\">\n\t\t\t\t\t<div class=\"elementor-shortcode\"><div id=\"jig1\" class=\"justified-image-grid jig-749100628efd19d3a03d617ba2c48ad8 jig-preset-1 jig-source-wp-gallery\"><div class=\"jig-clearfix\"><\/div><noscript id=\"jig1-html\" class=\"justified-image-grid-html\" data-lazy-src=\"skiplazyload\" data-src=\"skipunveillazyload\"><ul><li><a href=\"https:\/\/www.rekfoto.ee\/wp-content\/uploads\/2018\/02\/IMG_6253-683x1024.jpg\"><img fetchpriority=\"high\" decoding=\"async\" src=\"https:\/\/www.rekfoto.ee\/wp-content\/plugins\/justified-image-grid\/timthumb.php?src=https%3A%2F%2Fwww.rekfoto.ee%2Fwp-content%2Fuploads%2F2018%2F02%2FIMG_6253-683x1024.jpg&amp;h=390&amp;q=90&amp;f=.jpg\" alt=\"Koolitus\" width=\"260\" height=\"390\" \/><\/a><p class=\"jig-HTMLdescription\">Koolitus<\/p><\/li><\/ul><\/noscript><\/div><\/div>\n\t\t\t\t<\/div>\n\t\t\t\t<\/div>\n\t\t\t\t\t<\/div>\n\t\t<\/div>\n\t\t\t\t\t<\/div>\n\t\t<\/section>\n\t\t\t\t<\/div>\n\t\t","protected":false},"excerpt":{"rendered":"<p>KOOLITAJA \u00a0 ERAKOOLITUS \u00a0 FOTOGRAAFIA ABC \u00a0 MAAKLERITELE Fotograafia-alane erakoolitus ja\/v\u00f5i konsultatsioon kas tunni v\u00f5i p\u00e4eva arvestusega. Koolituse sisuks on lihtsamate teadmiste edasiandmine: fotograafia ABC, fotoaparaadi kasutus ja fotot\u00f6\u00f6tluse algteadmiste selgitamiseks. Sobib eraviisilislt v\u00f5i v\u00e4iksematele gruppidele. &nbsp; Hind alates 42\u20ac\/h (sisaldab k\u00e4ibemaksu) &nbsp; Fotograafia-alane t\u00e4iendkoolitus ja\/v\u00f5i konsultatsioon spetsiifilistel teemadel: tootefotograafia, toidufotograafia, ja edasij\u00f5udnute fotot\u00f6\u00f6tlus. Sobib [&hellip;]<\/p>\n","protected":false},"author":1,"featured_media":0,"parent":4437,"menu_order":0,"comment_status":"closed","ping_status":"closed","template":"","meta":{"footnotes":""},"_links":{"self":[{"href":"https:\/\/www.rekfoto.ee\/en\/wp-json\/wp\/v2\/pages\/6833"}],"collection":[{"href":"https:\/\/www.rekfoto.ee\/en\/wp-json\/wp\/v2\/pages"}],"about":[{"href":"https:\/\/www.rekfoto.ee\/en\/wp-json\/wp\/v2\/types\/page"}],"author":[{"embeddable":true,"href":"https:\/\/www.rekfoto.ee\/en\/wp-json\/wp\/v2\/users\/1"}],"replies":[{"embeddable":true,"href":"https:\/\/www.rekfoto.ee\/en\/wp-json\/wp\/v2\/comments?post=6833"}],"version-history":[{"count":20,"href":"https:\/\/www.rekfoto.ee\/en\/wp-json\/wp\/v2\/pages\/6833\/revisions"}],"predecessor-version":[{"id":9398,"href":"https:\/\/www.rekfoto.ee\/en\/wp-json\/wp\/v2\/pages\/6833\/revisions\/9398"}],"up":[{"embeddable":true,"href":"https:\/\/www.rekfoto.ee\/en\/wp-json\/wp\/v2\/pages\/4437"}],"wp:attachment":[{"href":"https:\/\/www.rekfoto.ee\/en\/wp-json\/wp\/v2\/media?parent=6833"}],"curies":[{"name":"wp","href":"https:\/\/api.w.org\/{rel}","templated":true}]}}