{"id":6842,"date":"2018-02-16T19:31:15","date_gmt":"2018-02-16T17:31:15","guid":{"rendered":"http:\/\/www.rekfoto.ee\/?page_id=6842"},"modified":"2020-04-29T15:14:13","modified_gmt":"2020-04-29T12:14:13","slug":"fotograafia-abc","status":"publish","type":"page","link":"https:\/\/www.rekfoto.ee\/en\/koolitused\/fotograafia-abc\/","title":{"rendered":"(Eesti) Fotograafia ABC"},"content":{"rendered":"\t\t<div data-elementor-type=\"wp-post\" data-elementor-id=\"6842\" class=\"elementor elementor-6842\" data-elementor-post-type=\"page\">\n\t\t\t\t\t\t<section class=\"elementor-section elementor-top-section elementor-element elementor-element-55c011aa elementor-section-stretched elementor-section-boxed elementor-section-height-default elementor-section-height-default\" data-id=\"55c011aa\" data-element_type=\"section\" data-settings=\"{&quot;stretch_section&quot;:&quot;section-stretched&quot;}\">\n\t\t\t\t\t\t<div class=\"elementor-container elementor-column-gap-default\">\n\t\t\t\t\t<div class=\"elementor-column elementor-col-33 elementor-top-column elementor-element elementor-element-66369f9d\" data-id=\"66369f9d\" data-element_type=\"column\">\n\t\t\t<div class=\"elementor-widget-wrap elementor-element-populated\">\n\t\t\t\t\t\t<div class=\"elementor-element elementor-element-5b21379 elementor-widget elementor-widget-text-editor\" data-id=\"5b21379\" data-element_type=\"widget\" data-widget_type=\"text-editor.default\">\n\t\t\t\t<div class=\"elementor-widget-container\">\n\t\t\t\t\t\t\t<p><span style=\"color: #7a7a7a;\"><a style=\"color: #7a7a7a;\" href=\"\/koolitused\/koolitaja\">KOOLITAJA<\/a><\/span><\/p><p>\u00a0<\/p><p><span style=\"color: #7a7a7a;\"><a style=\"color: #7a7a7a;\" href=\"\/koolitused\/erakoolitus\">ERAKOOLITUS<\/a><\/span><\/p><p>\u00a0<\/p><p><strong><span style=\"color: #7a7a7a;\"><a style=\"color: #7a7a7a;\" href=\"\/koolitused\/fotograafia-abc\/\">FOTOGRAAFIA ABC<\/a><\/span><\/strong><\/p><p>\u00a0<\/p><p><span style=\"color: #7a7a7a;\"><a style=\"color: #7a7a7a;\" href=\"\/koolitused\/maakleritele\">MAAKLERITELE<\/a><\/span><\/p>\t\t\t\t\t\t<\/div>\n\t\t\t\t<\/div>\n\t\t\t\t\t<\/div>\n\t\t<\/div>\n\t\t\t\t<div class=\"elementor-column elementor-col-33 elementor-top-column elementor-element elementor-element-61e55b7a\" data-id=\"61e55b7a\" data-element_type=\"column\">\n\t\t\t<div class=\"elementor-widget-wrap elementor-element-populated\">\n\t\t\t\t\t\t<div class=\"elementor-element elementor-element-19cabf2a elementor-widget elementor-widget-text-editor\" data-id=\"19cabf2a\" data-element_type=\"widget\" data-widget_type=\"text-editor.default\">\n\t\t\t\t<div class=\"elementor-widget-container\">\n\t\t\t\t\t\t\t<p><\/p>\n<p>REKfoto korraldab fotograafia algkursusi kevadeti ja s\u00fcgiseti.&nbsp;<\/p>\n<p>Koolitus toimub kahel \u00f5htul n\u00e4dalase vahega, kokku 6 tundi.<\/p>\n<p>\u2013&nbsp; &nbsp; &nbsp; &nbsp;Mis on ISO<\/p>\n<p>\u2013&nbsp; &nbsp; &nbsp; &nbsp;Mis on Ava<\/p>\n<p>\u2013&nbsp; &nbsp; &nbsp; &nbsp;Mis on S\u00e4ri<\/p>\n<p>\u2013&nbsp; &nbsp; &nbsp; &nbsp;Fookus ja teravuss\u00fcgavus<\/p>\n<p>\u2013&nbsp; &nbsp; &nbsp; &nbsp;Valguse omadused: suund ja tugevus<\/p>\n<p>\u2013&nbsp; &nbsp; &nbsp; &nbsp;Valge tasakaal<\/p>\n<p>\u2013&nbsp; &nbsp; &nbsp; &nbsp;Kompositsioon<\/p>\n<p><\/p>\n<p>Intensiivse kiirkoolituse l\u00f5ppedes on Teil arusaam, miks m\u00f5ni ese pildil on terav ja teine mitte. Miks vahel on pildid liiga sinised ja vahel liiga kollased. Miks on pilt liiga tume ja teisalt j\u00e4lle liiga hele ja olete tutvunud fotole tekkiva varjudemaailmaga.<\/p><p>Koolitused toimuvad kuni 10-liikmelistes gruppides.<\/p>\n<p><br><\/p>\n<p><\/p>\n<p><b>HIND: 85\u20ac (sisaldab k\u00e4ibemaksu)<\/b><\/p>\n<div>&nbsp;<\/div>\t\t\t\t\t\t<\/div>\n\t\t\t\t<\/div>\n\t\t\t\t\t<\/div>\n\t\t<\/div>\n\t\t\t\t<div class=\"elementor-column elementor-col-33 elementor-top-column elementor-element elementor-element-105db61b\" data-id=\"105db61b\" data-element_type=\"column\">\n\t\t\t<div class=\"elementor-widget-wrap elementor-element-populated\">\n\t\t\t\t\t\t<div class=\"elementor-element elementor-element-3d78a5ef elementor-widget elementor-widget-shortcode\" data-id=\"3d78a5ef\" data-element_type=\"widget\" data-widget_type=\"shortcode.default\">\n\t\t\t\t<div class=\"elementor-widget-container\">\n\t\t\t\t\t<div class=\"elementor-shortcode\"><div id=\"jig1\" class=\"justified-image-grid jig-266253d6d74a52ccc32e9c3d3b176efb jig-preset-1 jig-source-wp-gallery\"><div class=\"jig-clearfix\"><\/div><noscript id=\"jig1-html\" class=\"justified-image-grid-html\" data-lazy-src=\"skiplazyload\" data-src=\"skipunveillazyload\"><ul><li><a href=\"https:\/\/www.rekfoto.ee\/wp-content\/uploads\/2018\/02\/IMG_7257-1024x683.jpg\"><img fetchpriority=\"high\" decoding=\"async\" src=\"https:\/\/www.rekfoto.ee\/wp-content\/plugins\/justified-image-grid\/timthumb.php?src=https%3A%2F%2Fwww.rekfoto.ee%2Fwp-content%2Fuploads%2F2018%2F02%2FIMG_7257-1024x683.jpg&amp;h=340&amp;q=90&amp;f=.jpg\" alt=\"Koolitus\" width=\"509\" height=\"340\" \/><\/a><p class=\"jig-HTMLdescription\">Koolitus<\/p><\/li><\/ul><\/noscript><\/div><\/div>\n\t\t\t\t<\/div>\n\t\t\t\t<\/div>\n\t\t\t\t\t<\/div>\n\t\t<\/div>\n\t\t\t\t\t<\/div>\n\t\t<\/section>\n\t\t\t\t<\/div>\n\t\t","protected":false},"excerpt":{"rendered":"<p>KOOLITAJA \u00a0 ERAKOOLITUS \u00a0 FOTOGRAAFIA ABC \u00a0 MAAKLERITELE REKfoto korraldab fotograafia algkursusi kevadeti ja s\u00fcgiseti.&nbsp; Koolitus toimub kahel \u00f5htul n\u00e4dalase vahega, kokku 6 tundi. \u2013&nbsp; &nbsp; &nbsp; &nbsp;Mis on ISO \u2013&nbsp; &nbsp; &nbsp; &nbsp;Mis on Ava \u2013&nbsp; &nbsp; &nbsp; &nbsp;Mis on S\u00e4ri \u2013&nbsp; &nbsp; &nbsp; &nbsp;Fookus ja teravuss\u00fcgavus \u2013&nbsp; &nbsp; &nbsp; &nbsp;Valguse omadused: suund ja [&hellip;]<\/p>\n","protected":false},"author":1,"featured_media":0,"parent":4437,"menu_order":0,"comment_status":"closed","ping_status":"closed","template":"","meta":{"footnotes":""},"_links":{"self":[{"href":"https:\/\/www.rekfoto.ee\/en\/wp-json\/wp\/v2\/pages\/6842"}],"collection":[{"href":"https:\/\/www.rekfoto.ee\/en\/wp-json\/wp\/v2\/pages"}],"about":[{"href":"https:\/\/www.rekfoto.ee\/en\/wp-json\/wp\/v2\/types\/page"}],"author":[{"embeddable":true,"href":"https:\/\/www.rekfoto.ee\/en\/wp-json\/wp\/v2\/users\/1"}],"replies":[{"embeddable":true,"href":"https:\/\/www.rekfoto.ee\/en\/wp-json\/wp\/v2\/comments?post=6842"}],"version-history":[{"count":10,"href":"https:\/\/www.rekfoto.ee\/en\/wp-json\/wp\/v2\/pages\/6842\/revisions"}],"predecessor-version":[{"id":9400,"href":"https:\/\/www.rekfoto.ee\/en\/wp-json\/wp\/v2\/pages\/6842\/revisions\/9400"}],"up":[{"embeddable":true,"href":"https:\/\/www.rekfoto.ee\/en\/wp-json\/wp\/v2\/pages\/4437"}],"wp:attachment":[{"href":"https:\/\/www.rekfoto.ee\/en\/wp-json\/wp\/v2\/media?parent=6842"}],"curies":[{"name":"wp","href":"https:\/\/api.w.org\/{rel}","templated":true}]}}