{"id":6850,"date":"2018-02-16T19:34:21","date_gmt":"2018-02-16T17:34:21","guid":{"rendered":"http:\/\/www.rekfoto.ee\/?page_id=6850"},"modified":"2020-04-29T15:18:14","modified_gmt":"2020-04-29T12:18:14","slug":"maakleritele","status":"publish","type":"page","link":"https:\/\/www.rekfoto.ee\/en\/koolitused\/maakleritele\/","title":{"rendered":"(Eesti) Maakleritele"},"content":{"rendered":"\t\t<div data-elementor-type=\"wp-post\" data-elementor-id=\"6850\" class=\"elementor elementor-6850\" data-elementor-post-type=\"page\">\n\t\t\t\t\t\t<section class=\"elementor-section elementor-top-section elementor-element elementor-element-5e4f3283 elementor-section-stretched elementor-section-boxed elementor-section-height-default elementor-section-height-default\" data-id=\"5e4f3283\" data-element_type=\"section\" data-settings=\"{&quot;stretch_section&quot;:&quot;section-stretched&quot;}\">\n\t\t\t\t\t\t<div class=\"elementor-container elementor-column-gap-default\">\n\t\t\t\t\t<div class=\"elementor-column elementor-col-33 elementor-top-column elementor-element elementor-element-444d38d1\" data-id=\"444d38d1\" data-element_type=\"column\">\n\t\t\t<div class=\"elementor-widget-wrap elementor-element-populated\">\n\t\t\t\t\t\t<div class=\"elementor-element elementor-element-6169491e elementor-widget elementor-widget-text-editor\" data-id=\"6169491e\" data-element_type=\"widget\" data-widget_type=\"text-editor.default\">\n\t\t\t\t<div class=\"elementor-widget-container\">\n\t\t\t\t\t\t\t<p><span style=\"color: #7a7a7a;\"><a style=\"color: #7a7a7a;\" href=\"\/koolitused\/koolitaja\">KOOLITAJA<\/a><\/span><\/p><p>\u00a0<\/p><p><span style=\"color: #7a7a7a;\"><a style=\"color: #7a7a7a;\" href=\"\/koolitused\/erakoolitus\">ERAKOOLITUS<\/a><\/span><\/p><p>\u00a0<\/p><p><span style=\"color: #7a7a7a;\"><a style=\"color: #7a7a7a;\" href=\"\/koolitused\/fotograafia-abc\/\">FOTOGRAAFIA ABC<\/a><\/span><\/p><p>\u00a0<\/p><p><strong><span style=\"color: #7a7a7a;\"><a style=\"color: #7a7a7a;\" href=\"\/koolitused\/maakleritele\">MAAKLERITELE<\/a><\/span><\/strong><\/p>\t\t\t\t\t\t<\/div>\n\t\t\t\t<\/div>\n\t\t\t\t\t<\/div>\n\t\t<\/div>\n\t\t\t\t<div class=\"elementor-column elementor-col-33 elementor-top-column elementor-element elementor-element-1d023680\" data-id=\"1d023680\" data-element_type=\"column\">\n\t\t\t<div class=\"elementor-widget-wrap elementor-element-populated\">\n\t\t\t\t\t\t<div class=\"elementor-element elementor-element-2b585a5b elementor-widget elementor-widget-text-editor\" data-id=\"2b585a5b\" data-element_type=\"widget\" data-widget_type=\"text-editor.default\">\n\t\t\t\t<div class=\"elementor-widget-container\">\n\t\t\t\t\t\t\t<p><\/p>\n<p>R\u00e4\u00e4gime, millele peaks objektide pildistamisel t\u00e4helepanu p\u00f6\u00f6rama, mis on need v\u00e4ikesed kuid efektiivsed n\u00f5ksud, mis teevad ilusast kodust atraktiivse kodu ostjale. \u00d5petame koost\u00f6\u00f6d tegema olemasoleva valgusega, paneme paika perspektiivid ja palju muud.<\/p><p><br><\/p><p>Koolitus v\u00f5imaldab selle l\u00e4biviimist ka kinnisvarab\u00fcroos kohapeal.<\/p>\t\t\t\t\t\t<\/div>\n\t\t\t\t<\/div>\n\t\t\t\t\t<\/div>\n\t\t<\/div>\n\t\t\t\t<div class=\"elementor-column elementor-col-33 elementor-top-column elementor-element elementor-element-5896230\" data-id=\"5896230\" data-element_type=\"column\">\n\t\t\t<div class=\"elementor-widget-wrap elementor-element-populated\">\n\t\t\t\t\t\t<div class=\"elementor-element elementor-element-6f1c8ece elementor-widget elementor-widget-shortcode\" data-id=\"6f1c8ece\" data-element_type=\"widget\" data-widget_type=\"shortcode.default\">\n\t\t\t\t<div class=\"elementor-widget-container\">\n\t\t\t\t\t<div class=\"elementor-shortcode\"><div id=\"jig1\" class=\"justified-image-grid jig-76c3e5ab399caa501df10989f7f4655e jig-preset-1 jig-source-wp-gallery\"><div class=\"jig-clearfix\"><\/div><noscript id=\"jig1-html\" class=\"justified-image-grid-html\" data-lazy-src=\"skiplazyload\" data-src=\"skipunveillazyload\"><ul><li><a href=\"https:\/\/www.rekfoto.ee\/wp-content\/uploads\/2018\/02\/Sweet-II-15-1024x683.jpg\"><img fetchpriority=\"high\" decoding=\"async\" src=\"https:\/\/www.rekfoto.ee\/wp-content\/plugins\/justified-image-grid\/timthumb.php?src=https%3A%2F%2Fwww.rekfoto.ee%2Fwp-content%2Fuploads%2F2018%2F02%2FSweet-II-15-1024x683.jpg&amp;h=340&amp;q=90&amp;f=.jpg\" alt=\"Maakleritele\" width=\"509\" height=\"340\" \/><\/a><p class=\"jig-HTMLdescription\">Maakleritele<\/p><\/li><\/ul><\/noscript><\/div><\/div>\n\t\t\t\t<\/div>\n\t\t\t\t<\/div>\n\t\t\t\t\t<\/div>\n\t\t<\/div>\n\t\t\t\t\t<\/div>\n\t\t<\/section>\n\t\t\t\t<\/div>\n\t\t","protected":false},"excerpt":{"rendered":"<p>KOOLITAJA \u00a0 ERAKOOLITUS \u00a0 FOTOGRAAFIA ABC \u00a0 MAAKLERITELE R\u00e4\u00e4gime, millele peaks objektide pildistamisel t\u00e4helepanu p\u00f6\u00f6rama, mis on need v\u00e4ikesed kuid efektiivsed n\u00f5ksud, mis teevad ilusast kodust atraktiivse kodu ostjale. \u00d5petame koost\u00f6\u00f6d tegema olemasoleva valgusega, paneme paika perspektiivid ja palju muud. Koolitus v\u00f5imaldab selle l\u00e4biviimist ka kinnisvarab\u00fcroos kohapeal.<\/p>\n","protected":false},"author":1,"featured_media":0,"parent":4437,"menu_order":0,"comment_status":"closed","ping_status":"closed","template":"","meta":{"footnotes":""},"_links":{"self":[{"href":"https:\/\/www.rekfoto.ee\/en\/wp-json\/wp\/v2\/pages\/6850"}],"collection":[{"href":"https:\/\/www.rekfoto.ee\/en\/wp-json\/wp\/v2\/pages"}],"about":[{"href":"https:\/\/www.rekfoto.ee\/en\/wp-json\/wp\/v2\/types\/page"}],"author":[{"embeddable":true,"href":"https:\/\/www.rekfoto.ee\/en\/wp-json\/wp\/v2\/users\/1"}],"replies":[{"embeddable":true,"href":"https:\/\/www.rekfoto.ee\/en\/wp-json\/wp\/v2\/comments?post=6850"}],"version-history":[{"count":7,"href":"https:\/\/www.rekfoto.ee\/en\/wp-json\/wp\/v2\/pages\/6850\/revisions"}],"predecessor-version":[{"id":9401,"href":"https:\/\/www.rekfoto.ee\/en\/wp-json\/wp\/v2\/pages\/6850\/revisions\/9401"}],"up":[{"embeddable":true,"href":"https:\/\/www.rekfoto.ee\/en\/wp-json\/wp\/v2\/pages\/4437"}],"wp:attachment":[{"href":"https:\/\/www.rekfoto.ee\/en\/wp-json\/wp\/v2\/media?parent=6850"}],"curies":[{"name":"wp","href":"https:\/\/api.w.org\/{rel}","templated":true}]}}