{"id":6855,"date":"2018-02-16T19:36:52","date_gmt":"2018-02-16T17:36:52","guid":{"rendered":"http:\/\/www.rekfoto.ee\/?page_id=6855"},"modified":"2020-04-29T15:03:31","modified_gmt":"2020-04-29T12:03:31","slug":"koolitaja","status":"publish","type":"page","link":"https:\/\/www.rekfoto.ee\/en\/koolitused\/koolitaja\/","title":{"rendered":"(Eesti) Koolitaja"},"content":{"rendered":"\t\t<div data-elementor-type=\"wp-post\" data-elementor-id=\"6855\" class=\"elementor elementor-6855\" data-elementor-post-type=\"page\">\n\t\t\t\t\t\t<section class=\"elementor-section elementor-top-section elementor-element elementor-element-286fa421 elementor-section-stretched elementor-section-boxed elementor-section-height-default elementor-section-height-default\" data-id=\"286fa421\" data-element_type=\"section\" data-settings=\"{&quot;stretch_section&quot;:&quot;section-stretched&quot;}\">\n\t\t\t\t\t\t<div class=\"elementor-container elementor-column-gap-default\">\n\t\t\t\t\t<div class=\"elementor-column elementor-col-33 elementor-top-column elementor-element elementor-element-3ec276f3\" data-id=\"3ec276f3\" data-element_type=\"column\">\n\t\t\t<div class=\"elementor-widget-wrap elementor-element-populated\">\n\t\t\t\t\t\t<div class=\"elementor-element elementor-element-18eb6d35 elementor-widget elementor-widget-text-editor\" data-id=\"18eb6d35\" data-element_type=\"widget\" data-widget_type=\"text-editor.default\">\n\t\t\t\t<div class=\"elementor-widget-container\">\n\t\t\t\t\t\t\t<p><strong><span style=\"color: #7a7a7a;\"><a style=\"color: #7a7a7a;\" href=\"\/koolitused\/koolitaja\">KOOLITAJA<\/a><\/span><\/strong><\/p><p>\u00a0<\/p><p><span style=\"color: #7a7a7a;\"><a style=\"color: #7a7a7a;\" href=\"\/koolitused\/erakoolitus\">ERAKOOLITUS<\/a><\/span><\/p><p>\u00a0<\/p><p><span style=\"color: #7a7a7a;\"><a style=\"color: #7a7a7a;\" href=\"\/koolitused\/fotograafia-abc\/\">FOTOGRAAFIA ABC<\/a><\/span><\/p><p>\u00a0<\/p><p><span style=\"color: #7a7a7a;\"><a style=\"color: #7a7a7a;\" href=\"\/koolitused\/maakleritele\">MAAKLERITELE<\/a><\/span><\/p>\t\t\t\t\t\t<\/div>\n\t\t\t\t<\/div>\n\t\t\t\t\t<\/div>\n\t\t<\/div>\n\t\t\t\t<div class=\"elementor-column elementor-col-33 elementor-top-column elementor-element elementor-element-7da72ff1\" data-id=\"7da72ff1\" data-element_type=\"column\">\n\t\t\t<div class=\"elementor-widget-wrap elementor-element-populated\">\n\t\t\t\t\t\t<div class=\"elementor-element elementor-element-652fdf87 elementor-widget elementor-widget-text-editor\" data-id=\"652fdf87\" data-element_type=\"widget\" data-widget_type=\"text-editor.default\">\n\t\t\t\t<div class=\"elementor-widget-container\">\n\t\t\t\t\t\t\t<div title=\"Page 1\">\n<div>\n<div>\n<p>Kristi Kuusmik-Orav on \u00f5ppinud P\u00e4rnu Kutsekekkoolis kunstnik-dekoraatori erialal ja t\u00f6\u00f6tanud P\u00e4rnus linnakujundajana. Sellele j\u00e4rgnesid Tallinnas ehitusinseneri \u00f5pingud ja t\u00f6\u00f6tamine Rahandusministeeriumis, peale mille tegi Kristi elus kannap\u00f6\u00f6rde ning v\u00f5ttis ette tee Ameerika \u00dchendriikidesse.<\/p>\n<p>USA-s asus ta 2003. aastal \u00f5ppima New Yorki Fotograafia Instituuti professionaalset fotograafiat, mille l\u00f5petas 2007. aastal. N\u00fc\u00fcdseks on Kristi eluaegsest kirest saanud tema t\u00f6\u00f6.<\/p>\n<p><\/p>\n<p>Kristi \u00fctleb enda kohta:<\/p>\n<p>\u201eSeitse aastat kestnud eluperiood teisel pool ookeani on kujundanud minu maailmavaadet ja inimeseks olemist. Seinast seina kogemus isiklikus elus ja t\u00f6\u00f6valdkonnas ning tohutu eneseavastamine on mind voolinud selleks, kes ma hetkel olen. Meid k\u00f5iki tahutakse l\u00e4bi meie elu \u00f5ppetundide! Fotograafia pisiku olen saanud oma emalt, kellega sai veedetud pikki \u00f6\u00f6tunde k\u00f6\u00f6gis punase tule valguses. Tollal vaimustas mind see kujutis, mis kui v\u00f5luv\u00e4el fotopaberile ilmus.<\/p>\n<p>Peale tagasip\u00f6\u00f6rdumist Eestisse on minust ja mu abikaasast saanud kahe lapse \u00f5nnelikud vanemad. Lapsed on minu inspiratsiooniks ja p\u00f5hjuseks miks t\u00e4naseks olen oma ettev\u00f5ttes tegev looval alal, mis mind elus k\u00f5ige rohkem k\u00f6idab. K\u00f5ige olulisem eesm\u00e4rk elus on olla \u00f5nnelik. Me kujundame oma elu l\u00e4bi oma kogemuste ja saame paremaks armastades vabadust olla me ise.\u201c<\/p>\n<p><\/p>\n<p>Kristi on REKfoto O\u00dc asutaja, \u00f5petab T\u00dc P\u00e4rnu Kolled\u017eis foto\u00f5petust ja tootefotograafiat Tartu Rahva\u00fclikooli.<\/p>\n<p><\/p>\n<\/div>\n<\/div>\n<\/div>\t\t\t\t\t\t<\/div>\n\t\t\t\t<\/div>\n\t\t\t\t\t<\/div>\n\t\t<\/div>\n\t\t\t\t<div class=\"elementor-column elementor-col-33 elementor-top-column elementor-element elementor-element-42ccc55d\" data-id=\"42ccc55d\" data-element_type=\"column\">\n\t\t\t<div class=\"elementor-widget-wrap elementor-element-populated\">\n\t\t\t\t\t\t<div class=\"elementor-element elementor-element-645e151 elementor-widget elementor-widget-image\" data-id=\"645e151\" data-element_type=\"widget\" data-widget_type=\"image.default\">\n\t\t\t\t<div class=\"elementor-widget-container\">\n\t\t\t\t\t\t\t\t\t\t\t\t\t<img fetchpriority=\"high\" decoding=\"async\" width=\"683\" height=\"1024\" src=\"https:\/\/www.rekfoto.ee\/wp-content\/uploads\/2018\/03\/Portree-1-683x1024.jpg\" class=\"attachment-large size-large wp-image-7228\" alt=\"\" srcset=\"https:\/\/www.rekfoto.ee\/wp-content\/uploads\/2018\/03\/Portree-1-683x1024.jpg 683w, https:\/\/www.rekfoto.ee\/wp-content\/uploads\/2018\/03\/Portree-1-200x300.jpg 200w, https:\/\/www.rekfoto.ee\/wp-content\/uploads\/2018\/03\/Portree-1-768x1151.jpg 768w, https:\/\/www.rekfoto.ee\/wp-content\/uploads\/2018\/03\/Portree-1.jpg 1334w\" sizes=\"(max-width: 683px) 100vw, 683px\" \/>\t\t\t\t\t\t\t\t\t\t\t\t\t<\/div>\n\t\t\t\t<\/div>\n\t\t\t\t\t<\/div>\n\t\t<\/div>\n\t\t\t\t\t<\/div>\n\t\t<\/section>\n\t\t\t\t<\/div>\n\t\t","protected":false},"excerpt":{"rendered":"<p>KOOLITAJA \u00a0 ERAKOOLITUS \u00a0 FOTOGRAAFIA ABC \u00a0 MAAKLERITELE Kristi Kuusmik-Orav on \u00f5ppinud P\u00e4rnu Kutsekekkoolis kunstnik-dekoraatori erialal ja t\u00f6\u00f6tanud P\u00e4rnus linnakujundajana. Sellele j\u00e4rgnesid Tallinnas ehitusinseneri \u00f5pingud ja t\u00f6\u00f6tamine Rahandusministeeriumis, peale mille tegi Kristi elus kannap\u00f6\u00f6rde ning v\u00f5ttis ette tee Ameerika \u00dchendriikidesse. USA-s asus ta 2003. aastal \u00f5ppima New Yorki Fotograafia Instituuti professionaalset fotograafiat, mille l\u00f5petas 2007. [&hellip;]<\/p>\n","protected":false},"author":1,"featured_media":0,"parent":4437,"menu_order":0,"comment_status":"closed","ping_status":"closed","template":"","meta":{"footnotes":""},"_links":{"self":[{"href":"https:\/\/www.rekfoto.ee\/en\/wp-json\/wp\/v2\/pages\/6855"}],"collection":[{"href":"https:\/\/www.rekfoto.ee\/en\/wp-json\/wp\/v2\/pages"}],"about":[{"href":"https:\/\/www.rekfoto.ee\/en\/wp-json\/wp\/v2\/types\/page"}],"author":[{"embeddable":true,"href":"https:\/\/www.rekfoto.ee\/en\/wp-json\/wp\/v2\/users\/1"}],"replies":[{"embeddable":true,"href":"https:\/\/www.rekfoto.ee\/en\/wp-json\/wp\/v2\/comments?post=6855"}],"version-history":[{"count":10,"href":"https:\/\/www.rekfoto.ee\/en\/wp-json\/wp\/v2\/pages\/6855\/revisions"}],"predecessor-version":[{"id":9397,"href":"https:\/\/www.rekfoto.ee\/en\/wp-json\/wp\/v2\/pages\/6855\/revisions\/9397"}],"up":[{"embeddable":true,"href":"https:\/\/www.rekfoto.ee\/en\/wp-json\/wp\/v2\/pages\/4437"}],"wp:attachment":[{"href":"https:\/\/www.rekfoto.ee\/en\/wp-json\/wp\/v2\/media?parent=6855"}],"curies":[{"name":"wp","href":"https:\/\/api.w.org\/{rel}","templated":true}]}}