{"id":7144,"date":"2018-03-21T15:07:34","date_gmt":"2018-03-21T13:07:34","guid":{"rendered":"http:\/\/www.rekfoto.ee\/?page_id=7144"},"modified":"2018-04-10T16:08:27","modified_gmt":"2018-04-10T13:08:27","slug":"tervise-paradiisi-spaa-hotell-ja-veekeskus","status":"publish","type":"page","link":"https:\/\/www.rekfoto.ee\/en\/kliendid\/tervise-paradiisi-spaa-hotell-ja-veekeskus\/","title":{"rendered":"(Eesti) TERVISE PARADIISI SPAA- HOTELL JA VEEKESKUS"},"content":{"rendered":"\t\t<div data-elementor-type=\"wp-post\" data-elementor-id=\"7144\" class=\"elementor elementor-7144 elementor-bc-flex-widget\" data-elementor-post-type=\"page\">\n\t\t\t\t\t\t<section class=\"elementor-section elementor-top-section elementor-element elementor-element-1db3972d elementor-section-stretched elementor-section-boxed elementor-section-height-default elementor-section-height-default\" data-id=\"1db3972d\" data-element_type=\"section\" data-settings=\"{&quot;stretch_section&quot;:&quot;section-stretched&quot;}\">\n\t\t\t\t\t\t<div class=\"elementor-container elementor-column-gap-default\">\n\t\t\t\t\t<div class=\"elementor-column elementor-col-50 elementor-top-column elementor-element elementor-element-f8b9ea4\" data-id=\"f8b9ea4\" data-element_type=\"column\">\n\t\t\t<div class=\"elementor-widget-wrap elementor-element-populated\">\n\t\t\t\t\t\t<div class=\"elementor-element elementor-element-4366b834 elementor-widget elementor-widget-global elementor-global-7101 elementor-widget-text-editor\" data-id=\"4366b834\" data-element_type=\"widget\" data-widget_type=\"text-editor.default\">\n\t\t\t\t<div class=\"elementor-widget-container\">\n\t\t\t\t\t\t\t<p><span style=\"color: #000000;\"><a style=\"color: #000000;\" href=\"http:\/\/www.rekfoto.ee\/kliendid\/adrem-parnu\/\">ADREM P\u00c4RNU<br \/> <\/a><\/span><\/p><p>\u00a0<\/p><p><span style=\"color: #000000;\"><a style=\"color: #000000;\" href=\"http:\/\/www.rekfoto.ee\/kliendid\/hedon-spa-hotell\/\">HEDON SPA &amp; HOTEL<\/a><\/span><\/p><p>\u00a0<\/p><p><span style=\"color: #000000;\"><a style=\"color: #000000;\" href=\"http:\/\/www.rekfoto.ee\/kliendid\/tervise-paradiisi-spaa-hotell-ja-veekeskus\/\">TERVISE PARADIISI SPAA-<\/a><\/span><\/p><p><span style=\"color: #000000;\"><a style=\"color: #000000;\" href=\"http:\/\/www.rekfoto.ee\/kliendid\/tervise-paradiisi-spaa-hotell-ja-veekeskus\/\">HOTELL JA VEEKESKUS<\/a><\/span><\/p><p>\u00a0<\/p><p><span style=\"color: #000000;\"><a style=\"color: #000000;\" href=\"http:\/\/www.rekfoto.ee\/kliendid\/gabriel-scientific\/\">SLEEPANGEL<\/a><\/span><\/p><p>\u00a0<\/p><p><span style=\"color: #000000;\"><a style=\"color: #000000;\" href=\"http:\/\/www.rekfoto.ee\/kliendid\/classic-catering\/\">CLASSIC CATERING<\/a><\/span><\/p><p>\u00a0<\/p><p><span style=\"color: #000000;\"><a style=\"color: #000000;\" href=\"http:\/\/www.rekfoto.ee\/kliendid\/parnu-linnavalitsus\/\">P\u00c4RNU LINNAVALITSUS<\/a><\/span><\/p><p>\u00a0<\/p><p><span style=\"color: #000000;\"><a style=\"color: #000000;\" href=\"http:\/\/www.rekfoto.ee\/kliendid\/parnumaa-arenduskeskus\/\">P\u00c4RNUMAA ARENDUSKESKUS<\/a><\/span><\/p><p>\u00a0<\/p><p><span style=\"color: #000000;\"><a style=\"color: #000000;\" href=\"http:\/\/www.rekfoto.ee\/kliendid\/tervise-ravispaa\/\">TERVISE RAVISPAAHOTELL<\/a><\/span><\/p><p>\u00a0<\/p><p><span style=\"color: #000000;\"><a style=\"color: #000000;\" href=\"http:\/\/www.rekfoto.ee\/kliendid\/wendre\/\">WENDRE<\/a><\/span><\/p><p>\u00a0<\/p><p><span style=\"color: #000000;\"><a style=\"color: #000000;\" href=\"http:\/\/www.rekfoto.ee\/kliendid\/hydrokoda\/\">HYDROKODA<\/a><\/span><\/p><p>\u00a0<\/p><p><span style=\"color: #000000;\"><a style=\"color: #000000;\" href=\"http:\/\/www.rekfoto.ee\/kliendid\/tartu-ulikooli-parnu-kolledz\/\">T\u00dc P\u00c4RNU <\/a><a style=\"color: #000000;\" href=\"http:\/\/www.rekfoto.ee\/kliendid\/tartu-ulikooli-parnu-kolledz\/\">KOLLED\u017d<\/a><\/span><\/p><p>\u00a0<\/p><p><span style=\"color: #000000;\"><a style=\"color: #000000;\" href=\"http:\/\/www.rekfoto.ee\/kliendid\/retail-security\/\">REATIL SECURITY<\/a><\/span><\/p><p>\u00a0<\/p><p><span style=\"color: #000000;\"><a style=\"color: #000000;\" href=\"http:\/\/www.rekfoto.ee\/kliendid\/valgeranna-puhkekeskus\/\">VALGERANNA PUHKEKESKUS<\/a><\/span><\/p><p>\u00a0<\/p><p><span style=\"color: #000000;\"><a style=\"color: #000000;\" href=\"http:\/\/www.rekfoto.ee\/kliendid\/rager\/\">RAGER<\/a><\/span><\/p>\t\t\t\t\t\t<\/div>\n\t\t\t\t<\/div>\n\t\t\t\t\t<\/div>\n\t\t<\/div>\n\t\t\t\t<div class=\"elementor-column elementor-col-50 elementor-top-column elementor-element elementor-element-7c030f1c\" data-id=\"7c030f1c\" data-element_type=\"column\">\n\t\t\t<div class=\"elementor-widget-wrap elementor-element-populated\">\n\t\t\t\t\t\t<div class=\"elementor-element elementor-element-a28c071 elementor-widget elementor-widget-shortcode\" data-id=\"a28c071\" data-element_type=\"widget\" data-widget_type=\"shortcode.default\">\n\t\t\t\t<div class=\"elementor-widget-container\">\n\t\t\t\t\t<div class=\"elementor-shortcode\"><div id=\"jig1\" class=\"justified-image-grid jig-a47ae57a8c7b4e2f6b5c201ed2347d39 jig-preset-1 jig-source-wp-gallery\"><div class=\"jig-clearfix\"><\/div><noscript id=\"jig1-html\" class=\"justified-image-grid-html\" data-lazy-src=\"skiplazyload\" data-src=\"skipunveillazyload\"><ul><li><a href=\"https:\/\/www.rekfoto.ee\/wp-content\/uploads\/2018\/04\/REKfoto_portfoolio_tervis_ravispaa_tootefoto_Graafiline_disain-31-1024x679.jpg\"><img fetchpriority=\"high\" decoding=\"async\" src=\"https:\/\/www.rekfoto.ee\/wp-content\/plugins\/justified-image-grid\/timthumb.php?src=https%3A%2F%2Fwww.rekfoto.ee%2Fwp-content%2Fuploads%2F2018%2F04%2FREKfoto_portfoolio_tervis_ravispaa_tootefoto_Graafiline_disain-31-1024x679.jpg&amp;h=290&amp;q=90&amp;f=.jpg\" alt=\"Tervise Paradiis\" width=\"437\" height=\"290\" \/><\/a><p class=\"jig-HTMLdescription\">Tervise Paradiis<\/p><\/li><li><a href=\"https:\/\/www.rekfoto.ee\/wp-content\/uploads\/2018\/04\/REKfoto_portfoolio_tervis_ravispaa_tootefoto_Graafiline_disain-30-1024x576.jpg\"><img decoding=\"async\" src=\"https:\/\/www.rekfoto.ee\/wp-content\/plugins\/justified-image-grid\/timthumb.php?src=https%3A%2F%2Fwww.rekfoto.ee%2Fwp-content%2Fuploads%2F2018%2F04%2FREKfoto_portfoolio_tervis_ravispaa_tootefoto_Graafiline_disain-30-1024x576.jpg&amp;h=290&amp;q=90&amp;f=.jpg\" alt=\"Tervise Paradiis\" width=\"515\" height=\"290\" \/><\/a><p class=\"jig-HTMLdescription\">Tervise Paradiis<\/p><\/li><li><a href=\"https:\/\/www.rekfoto.ee\/wp-content\/uploads\/2018\/04\/REKfoto_portfoolio_tervis_ravispaa_tootefoto_Graafiline_disain-23-1024x750.jpg\"><img decoding=\"async\" src=\"https:\/\/www.rekfoto.ee\/wp-content\/plugins\/justified-image-grid\/timthumb.php?src=https%3A%2F%2Fwww.rekfoto.ee%2Fwp-content%2Fuploads%2F2018%2F04%2FREKfoto_portfoolio_tervis_ravispaa_tootefoto_Graafiline_disain-23-1024x750.jpg&amp;h=290&amp;q=90&amp;f=.jpg\" alt=\"Tervise Paradiis\" width=\"395\" height=\"290\" \/><\/a><p class=\"jig-HTMLdescription\">Tervise Paradiis<\/p><\/li><li><a href=\"https:\/\/www.rekfoto.ee\/wp-content\/uploads\/2018\/04\/REKfoto_portfoolio_tervis_ravispaa_tootefoto_Graafiline_disain-4-682x1024.jpg\"><img loading=\"lazy\" decoding=\"async\" src=\"https:\/\/www.rekfoto.ee\/wp-content\/plugins\/justified-image-grid\/timthumb.php?src=https%3A%2F%2Fwww.rekfoto.ee%2Fwp-content%2Fuploads%2F2018%2F04%2FREKfoto_portfoolio_tervis_ravispaa_tootefoto_Graafiline_disain-4-682x1024.jpg&amp;h=290&amp;q=90&amp;f=.jpg\" alt=\"Tervise Paradiis\" width=\"193\" height=\"290\" \/><\/a><p class=\"jig-HTMLdescription\">Tervise Paradiis<\/p><\/li><li><a href=\"https:\/\/www.rekfoto.ee\/wp-content\/uploads\/2018\/04\/REKfoto_portfoolio_tervis_ravispaa_tootefoto_Graafiline_disain-2-1024x682.jpg\"><img loading=\"lazy\" decoding=\"async\" src=\"https:\/\/www.rekfoto.ee\/wp-content\/plugins\/justified-image-grid\/timthumb.php?src=https%3A%2F%2Fwww.rekfoto.ee%2Fwp-content%2Fuploads%2F2018%2F04%2FREKfoto_portfoolio_tervis_ravispaa_tootefoto_Graafiline_disain-2-1024x682.jpg&amp;h=290&amp;q=90&amp;f=.jpg\" alt=\"Tervise Paradiis\" width=\"435\" height=\"290\" \/><\/a><p class=\"jig-HTMLdescription\">Tervise Paradiis<\/p><\/li><li><a href=\"https:\/\/www.rekfoto.ee\/wp-content\/uploads\/2018\/04\/REKfoto_portfoolio_tervis_ravispaa_tootefoto_Graafiline_disain-3-1024x682.jpg\"><img loading=\"lazy\" decoding=\"async\" src=\"https:\/\/www.rekfoto.ee\/wp-content\/plugins\/justified-image-grid\/timthumb.php?src=https%3A%2F%2Fwww.rekfoto.ee%2Fwp-content%2Fuploads%2F2018%2F04%2FREKfoto_portfoolio_tervis_ravispaa_tootefoto_Graafiline_disain-3-1024x682.jpg&amp;h=290&amp;q=90&amp;f=.jpg\" alt=\"Tervise Paradiis\" width=\"435\" height=\"290\" \/><\/a><p class=\"jig-HTMLdescription\">Tervise Paradiis<\/p><\/li><li><a href=\"https:\/\/www.rekfoto.ee\/wp-content\/uploads\/2018\/04\/REKfoto_portfoolio_tervis_ravispaa_tootefoto_Graafiline_disain-26-1024x682.jpg\"><img loading=\"lazy\" decoding=\"async\" src=\"https:\/\/www.rekfoto.ee\/wp-content\/plugins\/justified-image-grid\/timthumb.php?src=https%3A%2F%2Fwww.rekfoto.ee%2Fwp-content%2Fuploads%2F2018%2F04%2FREKfoto_portfoolio_tervis_ravispaa_tootefoto_Graafiline_disain-26-1024x682.jpg&amp;h=290&amp;q=90&amp;f=.jpg\" alt=\"Tervise Paradiis\" width=\"435\" height=\"290\" \/><\/a><p class=\"jig-HTMLdescription\">Tervise Paradiis<\/p><\/li><li><a href=\"https:\/\/www.rekfoto.ee\/wp-content\/uploads\/2018\/04\/REKfoto_portfoolio_tervis_ravispaa_tootefoto_Graafiline_disain-5-1024x682.jpg\"><img loading=\"lazy\" decoding=\"async\" src=\"https:\/\/www.rekfoto.ee\/wp-content\/plugins\/justified-image-grid\/timthumb.php?src=https%3A%2F%2Fwww.rekfoto.ee%2Fwp-content%2Fuploads%2F2018%2F04%2FREKfoto_portfoolio_tervis_ravispaa_tootefoto_Graafiline_disain-5-1024x682.jpg&amp;h=290&amp;q=90&amp;f=.jpg\" alt=\"Tervise Paradiis\" width=\"435\" height=\"290\" \/><\/a><p class=\"jig-HTMLdescription\">Tervise Paradiis<\/p><\/li><li><a href=\"https:\/\/www.rekfoto.ee\/wp-content\/uploads\/2018\/04\/REKfoto_portfoolio_tervis_ravispaa_tootefoto_Graafiline_disain-7-682x1024.jpg\"><img loading=\"lazy\" decoding=\"async\" src=\"https:\/\/www.rekfoto.ee\/wp-content\/plugins\/justified-image-grid\/timthumb.php?src=https%3A%2F%2Fwww.rekfoto.ee%2Fwp-content%2Fuploads%2F2018%2F04%2FREKfoto_portfoolio_tervis_ravispaa_tootefoto_Graafiline_disain-7-682x1024.jpg&amp;h=290&amp;q=90&amp;f=.jpg\" alt=\"Tervise Paradiis\" width=\"193\" height=\"290\" \/><\/a><p class=\"jig-HTMLdescription\">Tervise Paradiis<\/p><\/li><li><a href=\"https:\/\/www.rekfoto.ee\/wp-content\/uploads\/2018\/04\/REKfoto_portfoolio_tervis_ravispaa_tootefoto_Graafiline_disain-8-1024x682.jpg\"><img loading=\"lazy\" decoding=\"async\" src=\"https:\/\/www.rekfoto.ee\/wp-content\/plugins\/justified-image-grid\/timthumb.php?src=https%3A%2F%2Fwww.rekfoto.ee%2Fwp-content%2Fuploads%2F2018%2F04%2FREKfoto_portfoolio_tervis_ravispaa_tootefoto_Graafiline_disain-8-1024x682.jpg&amp;h=290&amp;q=90&amp;f=.jpg\" alt=\"Tervise Paradiis\" width=\"435\" height=\"290\" \/><\/a><p class=\"jig-HTMLdescription\">Tervise Paradiis<\/p><\/li><li><a href=\"https:\/\/www.rekfoto.ee\/wp-content\/uploads\/2018\/04\/REKfoto_portfoolio_tervis_ravispaa_tootefoto_Graafiline_disain-15-1024x735.jpg\"><img loading=\"lazy\" decoding=\"async\" src=\"https:\/\/www.rekfoto.ee\/wp-content\/plugins\/justified-image-grid\/timthumb.php?src=https%3A%2F%2Fwww.rekfoto.ee%2Fwp-content%2Fuploads%2F2018%2F04%2FREKfoto_portfoolio_tervis_ravispaa_tootefoto_Graafiline_disain-15-1024x735.jpg&amp;h=290&amp;q=90&amp;f=.jpg\" alt=\"Tervise Paradiis\" width=\"404\" height=\"290\" \/><\/a><p class=\"jig-HTMLdescription\">Tervise Paradiis<\/p><\/li><li><a href=\"https:\/\/www.rekfoto.ee\/wp-content\/uploads\/2018\/04\/REKfoto_portfoolio_tervis_ravispaa_tootefoto_Graafiline_disain-9-1024x682.jpg\"><img loading=\"lazy\" decoding=\"async\" src=\"https:\/\/www.rekfoto.ee\/wp-content\/plugins\/justified-image-grid\/timthumb.php?src=https%3A%2F%2Fwww.rekfoto.ee%2Fwp-content%2Fuploads%2F2018%2F04%2FREKfoto_portfoolio_tervis_ravispaa_tootefoto_Graafiline_disain-9-1024x682.jpg&amp;h=290&amp;q=90&amp;f=.jpg\" alt=\"Tervise Paradiis\" width=\"435\" height=\"290\" \/><\/a><p class=\"jig-HTMLdescription\">Tervise Paradiis<\/p><\/li><li><a href=\"https:\/\/www.rekfoto.ee\/wp-content\/uploads\/2018\/04\/REKfoto_portfoolio_tervis_ravispaa_tootefoto_Graafiline_disain-32-1024x682.jpg\"><img loading=\"lazy\" decoding=\"async\" src=\"https:\/\/www.rekfoto.ee\/wp-content\/plugins\/justified-image-grid\/timthumb.php?src=https%3A%2F%2Fwww.rekfoto.ee%2Fwp-content%2Fuploads%2F2018%2F04%2FREKfoto_portfoolio_tervis_ravispaa_tootefoto_Graafiline_disain-32-1024x682.jpg&amp;h=290&amp;q=90&amp;f=.jpg\" alt=\"Tervis Paradiis\" width=\"435\" height=\"290\" \/><\/a><p class=\"jig-HTMLdescription\">Tervis Paradiis<\/p><\/li><li><a href=\"https:\/\/www.rekfoto.ee\/wp-content\/uploads\/2018\/04\/REKfoto_portfoolio_tervis_ravispaa_tootefoto_Graafiline_disain-10-1024x660.jpg\"><img loading=\"lazy\" decoding=\"async\" src=\"https:\/\/www.rekfoto.ee\/wp-content\/plugins\/justified-image-grid\/timthumb.php?src=https%3A%2F%2Fwww.rekfoto.ee%2Fwp-content%2Fuploads%2F2018%2F04%2FREKfoto_portfoolio_tervis_ravispaa_tootefoto_Graafiline_disain-10-1024x660.jpg&amp;h=290&amp;q=90&amp;f=.jpg\" alt=\"Tervise Paradiis\" width=\"449\" height=\"290\" \/><\/a><p class=\"jig-HTMLdescription\">Tervise Paradiis<\/p><\/li><li><a href=\"https:\/\/www.rekfoto.ee\/wp-content\/uploads\/2018\/04\/REKfoto_portfoolio_tervis_ravispaa_tootefoto_Graafiline_disain-6-1024x682.jpg\"><img loading=\"lazy\" decoding=\"async\" src=\"https:\/\/www.rekfoto.ee\/wp-content\/plugins\/justified-image-grid\/timthumb.php?src=https%3A%2F%2Fwww.rekfoto.ee%2Fwp-content%2Fuploads%2F2018%2F04%2FREKfoto_portfoolio_tervis_ravispaa_tootefoto_Graafiline_disain-6-1024x682.jpg&amp;h=290&amp;q=90&amp;f=.jpg\" alt=\"Tervise Paradiis\" width=\"435\" height=\"290\" \/><\/a><p class=\"jig-HTMLdescription\">Tervise Paradiis<\/p><\/li><li><a href=\"https:\/\/www.rekfoto.ee\/wp-content\/uploads\/2018\/04\/REKfoto_portfoolio_tervis_ravispaa_tootefoto_Graafiline_disain-11-1024x686.jpg\"><img loading=\"lazy\" decoding=\"async\" src=\"https:\/\/www.rekfoto.ee\/wp-content\/plugins\/justified-image-grid\/timthumb.php?src=https%3A%2F%2Fwww.rekfoto.ee%2Fwp-content%2Fuploads%2F2018%2F04%2FREKfoto_portfoolio_tervis_ravispaa_tootefoto_Graafiline_disain-11-1024x686.jpg&amp;h=290&amp;q=90&amp;f=.jpg\" alt=\"Tervise Paradiis\" width=\"432\" height=\"290\" \/><\/a><p class=\"jig-HTMLdescription\">Tervise Paradiis<\/p><\/li><li><a href=\"https:\/\/www.rekfoto.ee\/wp-content\/uploads\/2018\/04\/REKfoto_portfoolio_tervis_ravispaa_tootefoto_Graafiline_disain-25-1024x682.jpg\"><img loading=\"lazy\" decoding=\"async\" src=\"https:\/\/www.rekfoto.ee\/wp-content\/plugins\/justified-image-grid\/timthumb.php?src=https%3A%2F%2Fwww.rekfoto.ee%2Fwp-content%2Fuploads%2F2018%2F04%2FREKfoto_portfoolio_tervis_ravispaa_tootefoto_Graafiline_disain-25-1024x682.jpg&amp;h=290&amp;q=90&amp;f=.jpg\" alt=\"Tervise Paradiis\" width=\"435\" height=\"290\" \/><\/a><p class=\"jig-HTMLdescription\">Tervise Paradiis<\/p><\/li><li><a href=\"https:\/\/www.rekfoto.ee\/wp-content\/uploads\/2018\/04\/REKfoto_portfoolio_tervis_ravispaa_tootefoto_Graafiline_disain-12-1024x623.jpg\"><img loading=\"lazy\" decoding=\"async\" src=\"https:\/\/www.rekfoto.ee\/wp-content\/plugins\/justified-image-grid\/timthumb.php?src=https%3A%2F%2Fwww.rekfoto.ee%2Fwp-content%2Fuploads%2F2018%2F04%2FREKfoto_portfoolio_tervis_ravispaa_tootefoto_Graafiline_disain-12-1024x623.jpg&amp;h=290&amp;q=90&amp;f=.jpg\" alt=\"Tervise Paradiis\" width=\"476\" height=\"290\" \/><\/a><p class=\"jig-HTMLdescription\">Tervise Paradiis<\/p><\/li><li><a href=\"https:\/\/www.rekfoto.ee\/wp-content\/uploads\/2018\/04\/REKfoto_portfoolio_tervis_ravispaa_tootefoto_Graafiline_disain-22-1024x682.jpg\"><img loading=\"lazy\" decoding=\"async\" src=\"https:\/\/www.rekfoto.ee\/wp-content\/plugins\/justified-image-grid\/timthumb.php?src=https%3A%2F%2Fwww.rekfoto.ee%2Fwp-content%2Fuploads%2F2018%2F04%2FREKfoto_portfoolio_tervis_ravispaa_tootefoto_Graafiline_disain-22-1024x682.jpg&amp;h=290&amp;q=90&amp;f=.jpg\" alt=\"Tervise Paradiis\" width=\"435\" height=\"290\" \/><\/a><p class=\"jig-HTMLdescription\">Tervise Paradiis<\/p><\/li><li><a href=\"https:\/\/www.rekfoto.ee\/wp-content\/uploads\/2018\/04\/REKfoto_portfoolio_tervis_ravispaa_tootefoto_Graafiline_disain-14-1024x748.jpg\"><img loading=\"lazy\" decoding=\"async\" src=\"https:\/\/www.rekfoto.ee\/wp-content\/plugins\/justified-image-grid\/timthumb.php?src=https%3A%2F%2Fwww.rekfoto.ee%2Fwp-content%2Fuploads%2F2018%2F04%2FREKfoto_portfoolio_tervis_ravispaa_tootefoto_Graafiline_disain-14-1024x748.jpg&amp;h=290&amp;q=90&amp;f=.jpg\" alt=\"Tervise Paradiis\" width=\"397\" height=\"290\" \/><\/a><p class=\"jig-HTMLdescription\">Tervise Paradiis<\/p><\/li><li><a href=\"https:\/\/www.rekfoto.ee\/wp-content\/uploads\/2018\/04\/REKfoto_portfoolio_tervis_ravispaa_tootefoto_Graafiline_disain-16-1024x682.jpg\"><img loading=\"lazy\" decoding=\"async\" src=\"https:\/\/www.rekfoto.ee\/wp-content\/plugins\/justified-image-grid\/timthumb.php?src=https%3A%2F%2Fwww.rekfoto.ee%2Fwp-content%2Fuploads%2F2018%2F04%2FREKfoto_portfoolio_tervis_ravispaa_tootefoto_Graafiline_disain-16-1024x682.jpg&amp;h=290&amp;q=90&amp;f=.jpg\" alt=\"Tervise Paradiis\" width=\"435\" height=\"290\" \/><\/a><p class=\"jig-HTMLdescription\">Tervise Paradiis<\/p><\/li><li><a href=\"https:\/\/www.rekfoto.ee\/wp-content\/uploads\/2018\/04\/REKfoto_portfoolio_tervis_ravispaa_tootefoto_Graafiline_disain-17-1024x680.jpg\"><img loading=\"lazy\" decoding=\"async\" src=\"https:\/\/www.rekfoto.ee\/wp-content\/plugins\/justified-image-grid\/timthumb.php?src=https%3A%2F%2Fwww.rekfoto.ee%2Fwp-content%2Fuploads%2F2018%2F04%2FREKfoto_portfoolio_tervis_ravispaa_tootefoto_Graafiline_disain-17-1024x680.jpg&amp;h=290&amp;q=90&amp;f=.jpg\" alt=\"Tervise Paradiis\" width=\"436\" height=\"290\" \/><\/a><p class=\"jig-HTMLdescription\">Tervise Paradiis<\/p><\/li><li><a href=\"https:\/\/www.rekfoto.ee\/wp-content\/uploads\/2018\/04\/REKfoto_portfoolio_tervis_ravispaa_tootefoto_Graafiline_disain-24-1024x682.jpg\"><img loading=\"lazy\" decoding=\"async\" src=\"https:\/\/www.rekfoto.ee\/wp-content\/plugins\/justified-image-grid\/timthumb.php?src=https%3A%2F%2Fwww.rekfoto.ee%2Fwp-content%2Fuploads%2F2018%2F04%2FREKfoto_portfoolio_tervis_ravispaa_tootefoto_Graafiline_disain-24-1024x682.jpg&amp;h=290&amp;q=90&amp;f=.jpg\" alt=\"Tervise Paradiis\" width=\"435\" height=\"290\" \/><\/a><p class=\"jig-HTMLdescription\">Tervise Paradiis<\/p><\/li><li><a href=\"https:\/\/www.rekfoto.ee\/wp-content\/uploads\/2018\/04\/REKfoto_portfoolio_tervis_ravispaa_tootefoto_Graafiline_disain-18-1024x682.jpg\"><img loading=\"lazy\" decoding=\"async\" src=\"https:\/\/www.rekfoto.ee\/wp-content\/plugins\/justified-image-grid\/timthumb.php?src=https%3A%2F%2Fwww.rekfoto.ee%2Fwp-content%2Fuploads%2F2018%2F04%2FREKfoto_portfoolio_tervis_ravispaa_tootefoto_Graafiline_disain-18-1024x682.jpg&amp;h=290&amp;q=90&amp;f=.jpg\" alt=\"Tervise Paradiis\" width=\"435\" height=\"290\" \/><\/a><p class=\"jig-HTMLdescription\">Tervise Paradiis<\/p><\/li><li><a href=\"https:\/\/www.rekfoto.ee\/wp-content\/uploads\/2018\/04\/REKfoto_portfoolio_tervis_ravispaa_tootefoto_Graafiline_disain-19-848x1024.jpg\"><img loading=\"lazy\" decoding=\"async\" src=\"https:\/\/www.rekfoto.ee\/wp-content\/plugins\/justified-image-grid\/timthumb.php?src=https%3A%2F%2Fwww.rekfoto.ee%2Fwp-content%2Fuploads%2F2018%2F04%2FREKfoto_portfoolio_tervis_ravispaa_tootefoto_Graafiline_disain-19-848x1024.jpg&amp;h=290&amp;q=90&amp;f=.jpg\" alt=\"Tervise Paradiis\" width=\"240\" height=\"290\" \/><\/a><p class=\"jig-HTMLdescription\">Tervise Paradiis<\/p><\/li><li><a href=\"https:\/\/www.rekfoto.ee\/wp-content\/uploads\/2018\/04\/REKfoto_portfoolio_tervis_ravispaa_tootefoto_Graafiline_disain-21-1024x682.jpg\"><img loading=\"lazy\" decoding=\"async\" src=\"https:\/\/www.rekfoto.ee\/wp-content\/plugins\/justified-image-grid\/timthumb.php?src=https%3A%2F%2Fwww.rekfoto.ee%2Fwp-content%2Fuploads%2F2018%2F04%2FREKfoto_portfoolio_tervis_ravispaa_tootefoto_Graafiline_disain-21-1024x682.jpg&amp;h=290&amp;q=90&amp;f=.jpg\" alt=\"Tervise Paradiis\" width=\"435\" height=\"290\" \/><\/a><p class=\"jig-HTMLdescription\">Tervise Paradiis<\/p><\/li><li><a href=\"https:\/\/www.rekfoto.ee\/wp-content\/uploads\/2018\/04\/REKfoto_portfoolio_tervis_ravispaa_tootefoto_Graafiline_disain-27-1024x683.jpg\"><img loading=\"lazy\" decoding=\"async\" src=\"https:\/\/www.rekfoto.ee\/wp-content\/plugins\/justified-image-grid\/timthumb.php?src=https%3A%2F%2Fwww.rekfoto.ee%2Fwp-content%2Fuploads%2F2018%2F04%2FREKfoto_portfoolio_tervis_ravispaa_tootefoto_Graafiline_disain-27-1024x683.jpg&amp;h=290&amp;q=90&amp;f=.jpg\" alt=\"Tervise Paradiis\" width=\"434\" height=\"290\" \/><\/a><p class=\"jig-HTMLdescription\">Tervise Paradiis<\/p><\/li><li><a href=\"https:\/\/www.rekfoto.ee\/wp-content\/uploads\/2018\/04\/REKfoto_portfoolio_tervis_ravispaa_tootefoto_Graafiline_disain-28-1024x682.jpg\"><img loading=\"lazy\" decoding=\"async\" src=\"https:\/\/www.rekfoto.ee\/wp-content\/plugins\/justified-image-grid\/timthumb.php?src=https%3A%2F%2Fwww.rekfoto.ee%2Fwp-content%2Fuploads%2F2018%2F04%2FREKfoto_portfoolio_tervis_ravispaa_tootefoto_Graafiline_disain-28-1024x682.jpg&amp;h=290&amp;q=90&amp;f=.jpg\" alt=\"Tervise Paradiis\" width=\"435\" height=\"290\" \/><\/a><p class=\"jig-HTMLdescription\">Tervise Paradiis<\/p><\/li><li><a href=\"https:\/\/www.rekfoto.ee\/wp-content\/uploads\/2018\/04\/REKfoto_portfoolio_tervis_ravispaa_tootefoto_Graafiline_disain-29-1024x682.jpg\"><img loading=\"lazy\" decoding=\"async\" src=\"https:\/\/www.rekfoto.ee\/wp-content\/plugins\/justified-image-grid\/timthumb.php?src=https%3A%2F%2Fwww.rekfoto.ee%2Fwp-content%2Fuploads%2F2018%2F04%2FREKfoto_portfoolio_tervis_ravispaa_tootefoto_Graafiline_disain-29-1024x682.jpg&amp;h=290&amp;q=90&amp;f=.jpg\" alt=\"Tervise Paradiis\" width=\"435\" height=\"290\" \/><\/a><p class=\"jig-HTMLdescription\">Tervise Paradiis<\/p><\/li><li><a href=\"https:\/\/www.rekfoto.ee\/wp-content\/uploads\/2018\/04\/REKfoto_portfoolio_tervis_ravispaa_tootefoto_Graafiline_disain-13-1024x691.jpg\"><img loading=\"lazy\" decoding=\"async\" src=\"https:\/\/www.rekfoto.ee\/wp-content\/plugins\/justified-image-grid\/timthumb.php?src=https%3A%2F%2Fwww.rekfoto.ee%2Fwp-content%2Fuploads%2F2018%2F04%2FREKfoto_portfoolio_tervis_ravispaa_tootefoto_Graafiline_disain-13-1024x691.jpg&amp;h=290&amp;q=90&amp;f=.jpg\" alt=\"Tervise Paradiis\" width=\"429\" height=\"290\" \/><\/a><p class=\"jig-HTMLdescription\">Tervise Paradiis<\/p><\/li><li><a href=\"https:\/\/www.rekfoto.ee\/wp-content\/uploads\/2018\/04\/REKfoto_portfoolio_tervis_ravispaa_tootefoto_Graafiline_disain-20-1024x682.jpg\"><img loading=\"lazy\" decoding=\"async\" src=\"https:\/\/www.rekfoto.ee\/wp-content\/plugins\/justified-image-grid\/timthumb.php?src=https%3A%2F%2Fwww.rekfoto.ee%2Fwp-content%2Fuploads%2F2018%2F04%2FREKfoto_portfoolio_tervis_ravispaa_tootefoto_Graafiline_disain-20-1024x682.jpg&amp;h=290&amp;q=90&amp;f=.jpg\" alt=\"Tervise Paradiis\" width=\"435\" height=\"290\" \/><\/a><p class=\"jig-HTMLdescription\">Tervise Paradiis<\/p><\/li><\/ul><\/noscript><\/div><\/div>\n\t\t\t\t<\/div>\n\t\t\t\t<\/div>\n\t\t\t\t\t<\/div>\n\t\t<\/div>\n\t\t\t\t\t<\/div>\n\t\t<\/section>\n\t\t\t\t<\/div>\n\t\t","protected":false},"excerpt":{"rendered":"<p>ADREM P\u00c4RNU \u00a0 HEDON SPA &amp; HOTEL \u00a0 TERVISE PARADIISI SPAA- HOTELL JA VEEKESKUS \u00a0 GABRIEL SCIENTIFIC \u00a0 CLASSIC CATERING \u00a0 P\u00c4RNU LINNAVALITSUS \u00a0 123OK \u00a0 TERVISE RAVISPAA \u00a0 WENDRE \u00a0 HYDROKODA \u00a0 T\u00dc P\u00c4RNU KOLLED\u017d \u00a0 REATIL SECURITY \u00a0 VALGERANNA PUHKEKESKUS \u00a0 RAGER<\/p>\n","protected":false},"author":2,"featured_media":0,"parent":7103,"menu_order":0,"comment_status":"closed","ping_status":"closed","template":"","meta":{"footnotes":""},"_links":{"self":[{"href":"https:\/\/www.rekfoto.ee\/en\/wp-json\/wp\/v2\/pages\/7144"}],"collection":[{"href":"https:\/\/www.rekfoto.ee\/en\/wp-json\/wp\/v2\/pages"}],"about":[{"href":"https:\/\/www.rekfoto.ee\/en\/wp-json\/wp\/v2\/types\/page"}],"author":[{"embeddable":true,"href":"https:\/\/www.rekfoto.ee\/en\/wp-json\/wp\/v2\/users\/2"}],"replies":[{"embeddable":true,"href":"https:\/\/www.rekfoto.ee\/en\/wp-json\/wp\/v2\/comments?post=7144"}],"version-history":[{"count":5,"href":"https:\/\/www.rekfoto.ee\/en\/wp-json\/wp\/v2\/pages\/7144\/revisions"}],"predecessor-version":[{"id":7560,"href":"https:\/\/www.rekfoto.ee\/en\/wp-json\/wp\/v2\/pages\/7144\/revisions\/7560"}],"up":[{"embeddable":true,"href":"https:\/\/www.rekfoto.ee\/en\/wp-json\/wp\/v2\/pages\/7103"}],"wp:attachment":[{"href":"https:\/\/www.rekfoto.ee\/en\/wp-json\/wp\/v2\/media?parent=7144"}],"curies":[{"name":"wp","href":"https:\/\/api.w.org\/{rel}","templated":true}]}}