{"id":7160,"date":"2018-03-21T15:44:30","date_gmt":"2018-03-21T13:44:30","guid":{"rendered":"http:\/\/www.rekfoto.ee\/?page_id=7160"},"modified":"2018-04-11T16:59:20","modified_gmt":"2018-04-11T13:59:20","slug":"classic-catering","status":"publish","type":"page","link":"https:\/\/www.rekfoto.ee\/en\/kliendid\/classic-catering\/","title":{"rendered":"(Eesti) CLASSIC CATERING"},"content":{"rendered":"\t\t<div data-elementor-type=\"wp-page\" data-elementor-id=\"7160\" class=\"elementor elementor-7160 elementor-bc-flex-widget\" data-elementor-post-type=\"page\">\n\t\t\t\t\t\t<section class=\"elementor-section elementor-top-section elementor-element elementor-element-6771d57b elementor-section-stretched elementor-section-boxed elementor-section-height-default elementor-section-height-default\" data-id=\"6771d57b\" data-element_type=\"section\" data-settings=\"{&quot;stretch_section&quot;:&quot;section-stretched&quot;}\">\n\t\t\t\t\t\t<div class=\"elementor-container elementor-column-gap-default\">\n\t\t\t\t\t<div class=\"elementor-column elementor-col-50 elementor-top-column elementor-element elementor-element-2c4b4982\" data-id=\"2c4b4982\" data-element_type=\"column\">\n\t\t\t<div class=\"elementor-widget-wrap elementor-element-populated\">\n\t\t\t\t\t\t<div class=\"elementor-element elementor-element-217047b3 elementor-widget elementor-widget-global elementor-global-7101 elementor-widget-text-editor\" data-id=\"217047b3\" data-element_type=\"widget\" data-widget_type=\"text-editor.default\">\n\t\t\t\t<div class=\"elementor-widget-container\">\n\t\t\t\t\t\t\t<p><span style=\"color: #000000;\"><a style=\"color: #000000;\" href=\"http:\/\/www.rekfoto.ee\/kliendid\/adrem-parnu\/\">ADREM P\u00c4RNU<br \/> <\/a><\/span><\/p><p>\u00a0<\/p><p><span style=\"color: #000000;\"><a style=\"color: #000000;\" href=\"http:\/\/www.rekfoto.ee\/kliendid\/hedon-spa-hotell\/\">HEDON SPA &amp; HOTEL<\/a><\/span><\/p><p>\u00a0<\/p><p><span style=\"color: #000000;\"><a style=\"color: #000000;\" href=\"http:\/\/www.rekfoto.ee\/kliendid\/tervise-paradiisi-spaa-hotell-ja-veekeskus\/\">TERVISE PARADIISI SPAA-<\/a><\/span><\/p><p><span style=\"color: #000000;\"><a style=\"color: #000000;\" href=\"http:\/\/www.rekfoto.ee\/kliendid\/tervise-paradiisi-spaa-hotell-ja-veekeskus\/\">HOTELL JA VEEKESKUS<\/a><\/span><\/p><p>\u00a0<\/p><p><span style=\"color: #000000;\"><a style=\"color: #000000;\" href=\"http:\/\/www.rekfoto.ee\/kliendid\/gabriel-scientific\/\">SLEEPANGEL<\/a><\/span><\/p><p>\u00a0<\/p><p><span style=\"color: #000000;\"><a style=\"color: #000000;\" href=\"http:\/\/www.rekfoto.ee\/kliendid\/classic-catering\/\">CLASSIC CATERING<\/a><\/span><\/p><p>\u00a0<\/p><p><span style=\"color: #000000;\"><a style=\"color: #000000;\" href=\"http:\/\/www.rekfoto.ee\/kliendid\/parnu-linnavalitsus\/\">P\u00c4RNU LINNAVALITSUS<\/a><\/span><\/p><p>\u00a0<\/p><p><span style=\"color: #000000;\"><a style=\"color: #000000;\" href=\"http:\/\/www.rekfoto.ee\/kliendid\/parnumaa-arenduskeskus\/\">P\u00c4RNUMAA ARENDUSKESKUS<\/a><\/span><\/p><p>\u00a0<\/p><p><span style=\"color: #000000;\"><a style=\"color: #000000;\" href=\"http:\/\/www.rekfoto.ee\/kliendid\/tervise-ravispaa\/\">TERVISE RAVISPAAHOTELL<\/a><\/span><\/p><p>\u00a0<\/p><p><span style=\"color: #000000;\"><a style=\"color: #000000;\" href=\"http:\/\/www.rekfoto.ee\/kliendid\/wendre\/\">WENDRE<\/a><\/span><\/p><p>\u00a0<\/p><p><span style=\"color: #000000;\"><a style=\"color: #000000;\" href=\"http:\/\/www.rekfoto.ee\/kliendid\/hydrokoda\/\">HYDROKODA<\/a><\/span><\/p><p>\u00a0<\/p><p><span style=\"color: #000000;\"><a style=\"color: #000000;\" href=\"http:\/\/www.rekfoto.ee\/kliendid\/tartu-ulikooli-parnu-kolledz\/\">T\u00dc P\u00c4RNU <\/a><a style=\"color: #000000;\" href=\"http:\/\/www.rekfoto.ee\/kliendid\/tartu-ulikooli-parnu-kolledz\/\">KOLLED\u017d<\/a><\/span><\/p><p>\u00a0<\/p><p><span style=\"color: #000000;\"><a style=\"color: #000000;\" href=\"http:\/\/www.rekfoto.ee\/kliendid\/retail-security\/\">REATIL SECURITY<\/a><\/span><\/p><p>\u00a0<\/p><p><span style=\"color: #000000;\"><a style=\"color: #000000;\" href=\"http:\/\/www.rekfoto.ee\/kliendid\/valgeranna-puhkekeskus\/\">VALGERANNA PUHKEKESKUS<\/a><\/span><\/p><p>\u00a0<\/p><p><span style=\"color: #000000;\"><a style=\"color: #000000;\" href=\"http:\/\/www.rekfoto.ee\/kliendid\/rager\/\">RAGER<\/a><\/span><\/p>\t\t\t\t\t\t<\/div>\n\t\t\t\t<\/div>\n\t\t\t\t\t<\/div>\n\t\t<\/div>\n\t\t\t\t<div class=\"elementor-column elementor-col-50 elementor-top-column elementor-element elementor-element-1af1690f\" data-id=\"1af1690f\" data-element_type=\"column\">\n\t\t\t<div class=\"elementor-widget-wrap elementor-element-populated\">\n\t\t\t\t\t\t<div class=\"elementor-element elementor-element-2b69b5cc elementor-widget elementor-widget-shortcode\" data-id=\"2b69b5cc\" data-element_type=\"widget\" data-widget_type=\"shortcode.default\">\n\t\t\t\t<div class=\"elementor-widget-container\">\n\t\t\t\t\t<div class=\"elementor-shortcode\"><div id=\"jig1\" class=\"justified-image-grid jig-a4ed9bfa407f514229dd271dba49d7e6 jig-preset-1 jig-source-wp-gallery\"><div class=\"jig-clearfix\"><\/div><noscript id=\"jig1-html\" class=\"justified-image-grid-html\" data-lazy-src=\"skiplazyload\" data-src=\"skipunveillazyload\"><ul><li><a href=\"https:\/\/www.rekfoto.ee\/wp-content\/uploads\/2018\/04\/REKfoto_portfoolio_tervis_ravispaa_tootefoto_Graafiline_disain-1-3-1024x682.jpg\"><img fetchpriority=\"high\" decoding=\"async\" src=\"https:\/\/www.rekfoto.ee\/wp-content\/plugins\/justified-image-grid\/timthumb.php?src=https%3A%2F%2Fwww.rekfoto.ee%2Fwp-content%2Fuploads%2F2018%2F04%2FREKfoto_portfoolio_tervis_ravispaa_tootefoto_Graafiline_disain-1-3-1024x682.jpg&amp;h=290&amp;q=90&amp;f=.jpg\" alt=\"Classic Catering\" width=\"435\" height=\"290\" \/><\/a><p class=\"jig-HTMLdescription\">Classic Catering<\/p><\/li><li><a href=\"https:\/\/www.rekfoto.ee\/wp-content\/uploads\/2018\/04\/REKfoto_portfoolio_tervis_ravispaa_tootefoto_Graafiline_disain-22-3-1024x682.jpg\"><img decoding=\"async\" src=\"https:\/\/www.rekfoto.ee\/wp-content\/plugins\/justified-image-grid\/timthumb.php?src=https%3A%2F%2Fwww.rekfoto.ee%2Fwp-content%2Fuploads%2F2018%2F04%2FREKfoto_portfoolio_tervis_ravispaa_tootefoto_Graafiline_disain-22-3-1024x682.jpg&amp;h=290&amp;q=90&amp;f=.jpg\" alt=\"Classic Catering\" width=\"435\" height=\"290\" \/><\/a><p class=\"jig-HTMLdescription\">Classic Catering<\/p><\/li><li><a href=\"https:\/\/www.rekfoto.ee\/wp-content\/uploads\/2018\/04\/REKfoto_portfoolio_tervis_ravispaa_tootefoto_Graafiline_disain-5-3-1024x682.jpg\"><img decoding=\"async\" src=\"https:\/\/www.rekfoto.ee\/wp-content\/plugins\/justified-image-grid\/timthumb.php?src=https%3A%2F%2Fwww.rekfoto.ee%2Fwp-content%2Fuploads%2F2018%2F04%2FREKfoto_portfoolio_tervis_ravispaa_tootefoto_Graafiline_disain-5-3-1024x682.jpg&amp;h=290&amp;q=90&amp;f=.jpg\" alt=\"Classic Catering\" width=\"435\" height=\"290\" \/><\/a><p class=\"jig-HTMLdescription\">Classic Catering<\/p><\/li><li><a href=\"https:\/\/www.rekfoto.ee\/wp-content\/uploads\/2018\/04\/REKfoto_portfoolio_tervis_ravispaa_tootefoto_Graafiline_disain-9-3-1024x682.jpg\"><img loading=\"lazy\" decoding=\"async\" src=\"https:\/\/www.rekfoto.ee\/wp-content\/plugins\/justified-image-grid\/timthumb.php?src=https%3A%2F%2Fwww.rekfoto.ee%2Fwp-content%2Fuploads%2F2018%2F04%2FREKfoto_portfoolio_tervis_ravispaa_tootefoto_Graafiline_disain-9-3-1024x682.jpg&amp;h=290&amp;q=90&amp;f=.jpg\" alt=\"Classic Catering\" width=\"435\" height=\"290\" \/><\/a><p class=\"jig-HTMLdescription\">Classic Catering<\/p><\/li><li><a href=\"https:\/\/www.rekfoto.ee\/wp-content\/uploads\/2018\/04\/REKfoto_portfoolio_tervis_ravispaa_tootefoto_Graafiline_disain-3-4-1024x682.jpg\"><img loading=\"lazy\" decoding=\"async\" src=\"https:\/\/www.rekfoto.ee\/wp-content\/plugins\/justified-image-grid\/timthumb.php?src=https%3A%2F%2Fwww.rekfoto.ee%2Fwp-content%2Fuploads%2F2018%2F04%2FREKfoto_portfoolio_tervis_ravispaa_tootefoto_Graafiline_disain-3-4-1024x682.jpg&amp;h=290&amp;q=90&amp;f=.jpg\" alt=\"Classic Catering\" width=\"435\" height=\"290\" \/><\/a><p class=\"jig-HTMLdescription\">Classic Catering<\/p><\/li><li><a href=\"https:\/\/www.rekfoto.ee\/wp-content\/uploads\/2018\/04\/REKfoto_portfoolio_tervis_ravispaa_tootefoto_Graafiline_disain-12-3-682x1024.jpg\"><img loading=\"lazy\" decoding=\"async\" src=\"https:\/\/www.rekfoto.ee\/wp-content\/plugins\/justified-image-grid\/timthumb.php?src=https%3A%2F%2Fwww.rekfoto.ee%2Fwp-content%2Fuploads%2F2018%2F04%2FREKfoto_portfoolio_tervis_ravispaa_tootefoto_Graafiline_disain-12-3-682x1024.jpg&amp;h=290&amp;q=90&amp;f=.jpg\" alt=\"Classic Catering\" width=\"193\" height=\"290\" \/><\/a><p class=\"jig-HTMLdescription\">Classic Catering<\/p><\/li><li><a href=\"https:\/\/www.rekfoto.ee\/wp-content\/uploads\/2018\/04\/REKfoto_portfoolio_tervis_ravispaa_tootefoto_Graafiline_disain-26-3-1024x682.jpg\"><img loading=\"lazy\" decoding=\"async\" src=\"https:\/\/www.rekfoto.ee\/wp-content\/plugins\/justified-image-grid\/timthumb.php?src=https%3A%2F%2Fwww.rekfoto.ee%2Fwp-content%2Fuploads%2F2018%2F04%2FREKfoto_portfoolio_tervis_ravispaa_tootefoto_Graafiline_disain-26-3-1024x682.jpg&amp;h=290&amp;q=90&amp;f=.jpg\" alt=\"Classic Catering\" width=\"435\" height=\"290\" \/><\/a><p class=\"jig-HTMLdescription\">Classic Catering<\/p><\/li><li><a href=\"https:\/\/www.rekfoto.ee\/wp-content\/uploads\/2018\/04\/REKfoto_portfoolio_tervis_ravispaa_tootefoto_Graafiline_disain-13-3-1024x682.jpg\"><img loading=\"lazy\" decoding=\"async\" src=\"https:\/\/www.rekfoto.ee\/wp-content\/plugins\/justified-image-grid\/timthumb.php?src=https%3A%2F%2Fwww.rekfoto.ee%2Fwp-content%2Fuploads%2F2018%2F04%2FREKfoto_portfoolio_tervis_ravispaa_tootefoto_Graafiline_disain-13-3-1024x682.jpg&amp;h=290&amp;q=90&amp;f=.jpg\" alt=\"Classic Catering\" width=\"435\" height=\"290\" \/><\/a><p class=\"jig-HTMLdescription\">Classic Catering<\/p><\/li><li><a href=\"https:\/\/www.rekfoto.ee\/wp-content\/uploads\/2018\/04\/REKfoto_portfoolio_tervis_ravispaa_tootefoto_Graafiline_disain-23-3-1024x666.jpg\"><img loading=\"lazy\" decoding=\"async\" src=\"https:\/\/www.rekfoto.ee\/wp-content\/plugins\/justified-image-grid\/timthumb.php?src=https%3A%2F%2Fwww.rekfoto.ee%2Fwp-content%2Fuploads%2F2018%2F04%2FREKfoto_portfoolio_tervis_ravispaa_tootefoto_Graafiline_disain-23-3-1024x666.jpg&amp;h=290&amp;q=90&amp;f=.jpg\" alt=\"Classic Catering\" width=\"445\" height=\"290\" \/><\/a><p class=\"jig-HTMLdescription\">Classic Catering<\/p><\/li><li><a href=\"https:\/\/www.rekfoto.ee\/wp-content\/uploads\/2018\/04\/REKfoto_portfoolio_tervis_ravispaa_tootefoto_Graafiline_disain-7-3-1024x819.jpg\"><img loading=\"lazy\" decoding=\"async\" src=\"https:\/\/www.rekfoto.ee\/wp-content\/plugins\/justified-image-grid\/timthumb.php?src=https%3A%2F%2Fwww.rekfoto.ee%2Fwp-content%2Fuploads%2F2018%2F04%2FREKfoto_portfoolio_tervis_ravispaa_tootefoto_Graafiline_disain-7-3-1024x819.jpg&amp;h=290&amp;q=90&amp;f=.jpg\" alt=\"Classic Catering\" width=\"362\" height=\"290\" \/><\/a><p class=\"jig-HTMLdescription\">Classic Catering<\/p><\/li><li><a href=\"https:\/\/www.rekfoto.ee\/wp-content\/uploads\/2018\/04\/REKfoto_portfoolio_tervis_ravispaa_tootefoto_Graafiline_disain-15-3-1024x682.jpg\"><img loading=\"lazy\" decoding=\"async\" src=\"https:\/\/www.rekfoto.ee\/wp-content\/plugins\/justified-image-grid\/timthumb.php?src=https%3A%2F%2Fwww.rekfoto.ee%2Fwp-content%2Fuploads%2F2018%2F04%2FREKfoto_portfoolio_tervis_ravispaa_tootefoto_Graafiline_disain-15-3-1024x682.jpg&amp;h=290&amp;q=90&amp;f=.jpg\" alt=\"Classic Catering\" width=\"435\" height=\"290\" \/><\/a><p class=\"jig-HTMLdescription\">Classic Catering<\/p><\/li><li><a href=\"https:\/\/www.rekfoto.ee\/wp-content\/uploads\/2018\/04\/REKfoto_portfoolio_tervis_ravispaa_tootefoto_Graafiline_disain-8-3-1024x682.jpg\"><img loading=\"lazy\" decoding=\"async\" src=\"https:\/\/www.rekfoto.ee\/wp-content\/plugins\/justified-image-grid\/timthumb.php?src=https%3A%2F%2Fwww.rekfoto.ee%2Fwp-content%2Fuploads%2F2018%2F04%2FREKfoto_portfoolio_tervis_ravispaa_tootefoto_Graafiline_disain-8-3-1024x682.jpg&amp;h=290&amp;q=90&amp;f=.jpg\" alt=\"Classic Catering\" width=\"435\" height=\"290\" \/><\/a><p class=\"jig-HTMLdescription\">Classic Catering<\/p><\/li><li><a href=\"https:\/\/www.rekfoto.ee\/wp-content\/uploads\/2018\/04\/REKfoto_portfoolio_tervis_ravispaa_tootefoto_Graafiline_disain-10-3-1024x682.jpg\"><img loading=\"lazy\" decoding=\"async\" src=\"https:\/\/www.rekfoto.ee\/wp-content\/plugins\/justified-image-grid\/timthumb.php?src=https%3A%2F%2Fwww.rekfoto.ee%2Fwp-content%2Fuploads%2F2018%2F04%2FREKfoto_portfoolio_tervis_ravispaa_tootefoto_Graafiline_disain-10-3-1024x682.jpg&amp;h=290&amp;q=90&amp;f=.jpg\" alt=\"Classic Catering\" width=\"435\" height=\"290\" \/><\/a><p class=\"jig-HTMLdescription\">Classic Catering<\/p><\/li><li><a href=\"https:\/\/www.rekfoto.ee\/wp-content\/uploads\/2018\/04\/REKfoto_portfoolio_tervis_ravispaa_tootefoto_Graafiline_disain-2-4-1024x682.jpg\"><img loading=\"lazy\" decoding=\"async\" src=\"https:\/\/www.rekfoto.ee\/wp-content\/plugins\/justified-image-grid\/timthumb.php?src=https%3A%2F%2Fwww.rekfoto.ee%2Fwp-content%2Fuploads%2F2018%2F04%2FREKfoto_portfoolio_tervis_ravispaa_tootefoto_Graafiline_disain-2-4-1024x682.jpg&amp;h=290&amp;q=90&amp;f=.jpg\" alt=\"Classic Catering\" width=\"435\" height=\"290\" \/><\/a><p class=\"jig-HTMLdescription\">Classic Catering<\/p><\/li><li><a href=\"https:\/\/www.rekfoto.ee\/wp-content\/uploads\/2018\/04\/REKfoto_portfoolio_tervis_ravispaa_tootefoto_Graafiline_disain-14-3-683x1024.jpg\"><img loading=\"lazy\" decoding=\"async\" src=\"https:\/\/www.rekfoto.ee\/wp-content\/plugins\/justified-image-grid\/timthumb.php?src=https%3A%2F%2Fwww.rekfoto.ee%2Fwp-content%2Fuploads%2F2018%2F04%2FREKfoto_portfoolio_tervis_ravispaa_tootefoto_Graafiline_disain-14-3-683x1024.jpg&amp;h=290&amp;q=90&amp;f=.jpg\" alt=\"Classic Catering\" width=\"193\" height=\"290\" \/><\/a><p class=\"jig-HTMLdescription\">Classic Catering<\/p><\/li><li><a href=\"https:\/\/www.rekfoto.ee\/wp-content\/uploads\/2018\/04\/REKfoto_portfoolio_tervis_ravispaa_tootefoto_Graafiline_disain-16-3-1024x682.jpg\"><img loading=\"lazy\" decoding=\"async\" src=\"https:\/\/www.rekfoto.ee\/wp-content\/plugins\/justified-image-grid\/timthumb.php?src=https%3A%2F%2Fwww.rekfoto.ee%2Fwp-content%2Fuploads%2F2018%2F04%2FREKfoto_portfoolio_tervis_ravispaa_tootefoto_Graafiline_disain-16-3-1024x682.jpg&amp;h=290&amp;q=90&amp;f=.jpg\" alt=\"Classic Catering\" width=\"435\" height=\"290\" \/><\/a><p class=\"jig-HTMLdescription\">Classic Catering<\/p><\/li><li><a href=\"https:\/\/www.rekfoto.ee\/wp-content\/uploads\/2018\/04\/REKfoto_portfoolio_tervis_ravispaa_tootefoto_Graafiline_disain-17-3-1024x784.jpg\"><img loading=\"lazy\" decoding=\"async\" src=\"https:\/\/www.rekfoto.ee\/wp-content\/plugins\/justified-image-grid\/timthumb.php?src=https%3A%2F%2Fwww.rekfoto.ee%2Fwp-content%2Fuploads%2F2018%2F04%2FREKfoto_portfoolio_tervis_ravispaa_tootefoto_Graafiline_disain-17-3-1024x784.jpg&amp;h=290&amp;q=90&amp;f=.jpg\" alt=\"Classic Catering\" width=\"378\" height=\"290\" \/><\/a><p class=\"jig-HTMLdescription\">Classic Catering<\/p><\/li><li><a href=\"https:\/\/www.rekfoto.ee\/wp-content\/uploads\/2018\/04\/REKfoto_portfoolio_tervis_ravispaa_tootefoto_Graafiline_disain-25-3-1024x682.jpg\"><img loading=\"lazy\" decoding=\"async\" src=\"https:\/\/www.rekfoto.ee\/wp-content\/plugins\/justified-image-grid\/timthumb.php?src=https%3A%2F%2Fwww.rekfoto.ee%2Fwp-content%2Fuploads%2F2018%2F04%2FREKfoto_portfoolio_tervis_ravispaa_tootefoto_Graafiline_disain-25-3-1024x682.jpg&amp;h=290&amp;q=90&amp;f=.jpg\" alt=\"Classic Catering\" width=\"435\" height=\"290\" \/><\/a><p class=\"jig-HTMLdescription\">Classic Catering<\/p><\/li><li><a href=\"https:\/\/www.rekfoto.ee\/wp-content\/uploads\/2018\/04\/REKfoto_portfoolio_tervis_ravispaa_tootefoto_Graafiline_disain-4-3-698x1024.jpg\"><img loading=\"lazy\" decoding=\"async\" src=\"https:\/\/www.rekfoto.ee\/wp-content\/plugins\/justified-image-grid\/timthumb.php?src=https%3A%2F%2Fwww.rekfoto.ee%2Fwp-content%2Fuploads%2F2018%2F04%2FREKfoto_portfoolio_tervis_ravispaa_tootefoto_Graafiline_disain-4-3-698x1024.jpg&amp;h=290&amp;q=90&amp;f=.jpg\" alt=\"Classic Catering\" width=\"197\" height=\"290\" \/><\/a><p class=\"jig-HTMLdescription\">Classic Catering<\/p><\/li><li><a href=\"https:\/\/www.rekfoto.ee\/wp-content\/uploads\/2018\/04\/REKfoto_portfoolio_tervis_ravispaa_tootefoto_Graafiline_disain-20-2-1024x683.jpg\"><img loading=\"lazy\" decoding=\"async\" src=\"https:\/\/www.rekfoto.ee\/wp-content\/plugins\/justified-image-grid\/timthumb.php?src=https%3A%2F%2Fwww.rekfoto.ee%2Fwp-content%2Fuploads%2F2018%2F04%2FREKfoto_portfoolio_tervis_ravispaa_tootefoto_Graafiline_disain-20-2-1024x683.jpg&amp;h=290&amp;q=90&amp;f=.jpg\" alt=\"Classic Catering\" width=\"434\" height=\"290\" \/><\/a><p class=\"jig-HTMLdescription\">Classic Catering<\/p><\/li><li><a href=\"https:\/\/www.rekfoto.ee\/wp-content\/uploads\/2018\/04\/REKfoto_portfoolio_tervis_ravispaa_tootefoto_Graafiline_disain-6-3-682x1024.jpg\"><img loading=\"lazy\" decoding=\"async\" src=\"https:\/\/www.rekfoto.ee\/wp-content\/plugins\/justified-image-grid\/timthumb.php?src=https%3A%2F%2Fwww.rekfoto.ee%2Fwp-content%2Fuploads%2F2018%2F04%2FREKfoto_portfoolio_tervis_ravispaa_tootefoto_Graafiline_disain-6-3-682x1024.jpg&amp;h=290&amp;q=90&amp;f=.jpg\" alt=\"Classic Catering\" width=\"193\" height=\"290\" \/><\/a><p class=\"jig-HTMLdescription\">Classic Catering<\/p><\/li><li><a href=\"https:\/\/www.rekfoto.ee\/wp-content\/uploads\/2018\/04\/REKfoto_portfoolio_tervis_ravispaa_tootefoto_Graafiline_disain-11-3-1024x682.jpg\"><img loading=\"lazy\" decoding=\"async\" src=\"https:\/\/www.rekfoto.ee\/wp-content\/plugins\/justified-image-grid\/timthumb.php?src=https%3A%2F%2Fwww.rekfoto.ee%2Fwp-content%2Fuploads%2F2018%2F04%2FREKfoto_portfoolio_tervis_ravispaa_tootefoto_Graafiline_disain-11-3-1024x682.jpg&amp;h=290&amp;q=90&amp;f=.jpg\" alt=\"Classic Catering\" width=\"435\" height=\"290\" \/><\/a><p class=\"jig-HTMLdescription\">Classic Catering<\/p><\/li><li><a href=\"https:\/\/www.rekfoto.ee\/wp-content\/uploads\/2018\/04\/REKfoto_portfoolio_tervis_ravispaa_tootefoto_Graafiline_disain-21-3-1024x682.jpg\"><img loading=\"lazy\" decoding=\"async\" src=\"https:\/\/www.rekfoto.ee\/wp-content\/plugins\/justified-image-grid\/timthumb.php?src=https%3A%2F%2Fwww.rekfoto.ee%2Fwp-content%2Fuploads%2F2018%2F04%2FREKfoto_portfoolio_tervis_ravispaa_tootefoto_Graafiline_disain-21-3-1024x682.jpg&amp;h=290&amp;q=90&amp;f=.jpg\" alt=\"Classic Catering\" width=\"435\" height=\"290\" \/><\/a><p class=\"jig-HTMLdescription\">Classic Catering<\/p><\/li><li><a href=\"https:\/\/www.rekfoto.ee\/wp-content\/uploads\/2018\/04\/REKfoto_portfoolio_tervis_ravispaa_tootefoto_Graafiline_disain-19-3-1024x683.jpg\"><img loading=\"lazy\" decoding=\"async\" src=\"https:\/\/www.rekfoto.ee\/wp-content\/plugins\/justified-image-grid\/timthumb.php?src=https%3A%2F%2Fwww.rekfoto.ee%2Fwp-content%2Fuploads%2F2018%2F04%2FREKfoto_portfoolio_tervis_ravispaa_tootefoto_Graafiline_disain-19-3-1024x683.jpg&amp;h=290&amp;q=90&amp;f=.jpg\" alt=\"Classic Catering\" width=\"434\" height=\"290\" \/><\/a><p class=\"jig-HTMLdescription\">Classic Catering<\/p><\/li><li><a href=\"https:\/\/www.rekfoto.ee\/wp-content\/uploads\/2018\/04\/REKfoto_portfoolio_tervis_ravispaa_tootefoto_Graafiline_disain-18-3-1024x682.jpg\"><img loading=\"lazy\" decoding=\"async\" src=\"https:\/\/www.rekfoto.ee\/wp-content\/plugins\/justified-image-grid\/timthumb.php?src=https%3A%2F%2Fwww.rekfoto.ee%2Fwp-content%2Fuploads%2F2018%2F04%2FREKfoto_portfoolio_tervis_ravispaa_tootefoto_Graafiline_disain-18-3-1024x682.jpg&amp;h=290&amp;q=90&amp;f=.jpg\" alt=\"Classic Catering\" width=\"435\" height=\"290\" \/><\/a><p class=\"jig-HTMLdescription\">Classic Catering<\/p><\/li><li><a href=\"https:\/\/www.rekfoto.ee\/wp-content\/uploads\/2018\/04\/REKfoto_portfoolio_tervis_ravispaa_tootefoto_Graafiline_disain-27-2-1024x682.jpg\"><img loading=\"lazy\" decoding=\"async\" src=\"https:\/\/www.rekfoto.ee\/wp-content\/plugins\/justified-image-grid\/timthumb.php?src=https%3A%2F%2Fwww.rekfoto.ee%2Fwp-content%2Fuploads%2F2018%2F04%2FREKfoto_portfoolio_tervis_ravispaa_tootefoto_Graafiline_disain-27-2-1024x682.jpg&amp;h=290&amp;q=90&amp;f=.jpg\" alt=\"Classic Catering\" width=\"435\" height=\"290\" \/><\/a><p class=\"jig-HTMLdescription\">Classic Catering<\/p><\/li><li><a href=\"https:\/\/www.rekfoto.ee\/wp-content\/uploads\/2018\/04\/turundusmaterjalid_rekfoto_tootefoto_toidufoto_fotograaf_parnus-1-1024x1024.jpg\"><img loading=\"lazy\" decoding=\"async\" src=\"https:\/\/www.rekfoto.ee\/wp-content\/plugins\/justified-image-grid\/timthumb.php?src=https%3A%2F%2Fwww.rekfoto.ee%2Fwp-content%2Fuploads%2F2018%2F04%2Fturundusmaterjalid_rekfoto_tootefoto_toidufoto_fotograaf_parnus-1-1024x1024.jpg&amp;h=290&amp;q=90&amp;f=.jpg\" alt=\"Classic Catering\" width=\"290\" height=\"290\" \/><\/a><p class=\"jig-HTMLdescription\">Classic Catering<\/p><\/li><li><a href=\"https:\/\/www.rekfoto.ee\/wp-content\/uploads\/2018\/04\/turundusmaterjalid_rekfoto_tootefoto_toidufoto_fotograaf_parnus-2-1024x1024.jpg\"><img loading=\"lazy\" decoding=\"async\" src=\"https:\/\/www.rekfoto.ee\/wp-content\/plugins\/justified-image-grid\/timthumb.php?src=https%3A%2F%2Fwww.rekfoto.ee%2Fwp-content%2Fuploads%2F2018%2F04%2Fturundusmaterjalid_rekfoto_tootefoto_toidufoto_fotograaf_parnus-2-1024x1024.jpg&amp;h=290&amp;q=90&amp;f=.jpg\" alt=\"Classic Catering\" width=\"290\" height=\"290\" \/><\/a><p class=\"jig-HTMLdescription\">Classic Catering<\/p><\/li><\/ul><\/noscript><\/div><\/div>\n\t\t\t\t<\/div>\n\t\t\t\t<\/div>\n\t\t\t\t\t<\/div>\n\t\t<\/div>\n\t\t\t\t\t<\/div>\n\t\t<\/section>\n\t\t\t\t<\/div>\n\t\t","protected":false},"excerpt":{"rendered":"<p>ADREM P\u00c4RNU \u00a0 HEDON SPA &amp; HOTEL \u00a0 TERVISE PARADIISI SPAA- HOTELL JA VEEKESKUS \u00a0 GABRIEL SCIENTIFIC \u00a0 CLASSIC CATERING \u00a0 P\u00c4RNU LINNAVALITSUS \u00a0 123OK \u00a0 TERVISE RAVISPAA \u00a0 WENDRE \u00a0 HYDROKODA \u00a0 T\u00dc P\u00c4RNU KOLLED\u017d \u00a0 REATIL SECURITY \u00a0 VALGERANNA PUHKEKESKUS \u00a0 RAGER<\/p>\n","protected":false},"author":2,"featured_media":0,"parent":7103,"menu_order":0,"comment_status":"closed","ping_status":"closed","template":"","meta":{"footnotes":""},"_links":{"self":[{"href":"https:\/\/www.rekfoto.ee\/en\/wp-json\/wp\/v2\/pages\/7160"}],"collection":[{"href":"https:\/\/www.rekfoto.ee\/en\/wp-json\/wp\/v2\/pages"}],"about":[{"href":"https:\/\/www.rekfoto.ee\/en\/wp-json\/wp\/v2\/types\/page"}],"author":[{"embeddable":true,"href":"https:\/\/www.rekfoto.ee\/en\/wp-json\/wp\/v2\/users\/2"}],"replies":[{"embeddable":true,"href":"https:\/\/www.rekfoto.ee\/en\/wp-json\/wp\/v2\/comments?post=7160"}],"version-history":[{"count":6,"href":"https:\/\/www.rekfoto.ee\/en\/wp-json\/wp\/v2\/pages\/7160\/revisions"}],"predecessor-version":[{"id":7712,"href":"https:\/\/www.rekfoto.ee\/en\/wp-json\/wp\/v2\/pages\/7160\/revisions\/7712"}],"up":[{"embeddable":true,"href":"https:\/\/www.rekfoto.ee\/en\/wp-json\/wp\/v2\/pages\/7103"}],"wp:attachment":[{"href":"https:\/\/www.rekfoto.ee\/en\/wp-json\/wp\/v2\/media?parent=7160"}],"curies":[{"name":"wp","href":"https:\/\/api.w.org\/{rel}","templated":true}]}}