{"id":7179,"date":"2018-03-21T16:19:12","date_gmt":"2018-03-21T14:19:12","guid":{"rendered":"http:\/\/www.rekfoto.ee\/?page_id=7179"},"modified":"2018-04-11T13:16:00","modified_gmt":"2018-04-11T10:16:00","slug":"wendre","status":"publish","type":"page","link":"https:\/\/www.rekfoto.ee\/en\/kliendid\/wendre\/","title":{"rendered":"(Eesti) wendre"},"content":{"rendered":"\t\t<div data-elementor-type=\"wp-post\" data-elementor-id=\"7179\" class=\"elementor elementor-7179 elementor-bc-flex-widget\" data-elementor-post-type=\"page\">\n\t\t\t\t\t\t<section class=\"elementor-section elementor-top-section elementor-element elementor-element-3fe27031 elementor-section-stretched elementor-section-boxed elementor-section-height-default elementor-section-height-default\" data-id=\"3fe27031\" data-element_type=\"section\" data-settings=\"{&quot;stretch_section&quot;:&quot;section-stretched&quot;}\">\n\t\t\t\t\t\t<div class=\"elementor-container elementor-column-gap-default\">\n\t\t\t\t\t<div class=\"elementor-column elementor-col-50 elementor-top-column elementor-element elementor-element-73a1ffe5\" data-id=\"73a1ffe5\" data-element_type=\"column\">\n\t\t\t<div class=\"elementor-widget-wrap elementor-element-populated\">\n\t\t\t\t\t\t<div class=\"elementor-element elementor-element-54b541e3 elementor-widget elementor-widget-global elementor-global-7101 elementor-widget-text-editor\" data-id=\"54b541e3\" data-element_type=\"widget\" data-widget_type=\"text-editor.default\">\n\t\t\t\t<div class=\"elementor-widget-container\">\n\t\t\t\t\t\t\t<p><span style=\"color: #000000;\"><a style=\"color: #000000;\" href=\"http:\/\/www.rekfoto.ee\/kliendid\/adrem-parnu\/\">ADREM P\u00c4RNU<br \/> <\/a><\/span><\/p><p>\u00a0<\/p><p><span style=\"color: #000000;\"><a style=\"color: #000000;\" href=\"http:\/\/www.rekfoto.ee\/kliendid\/hedon-spa-hotell\/\">HEDON SPA &amp; HOTEL<\/a><\/span><\/p><p>\u00a0<\/p><p><span style=\"color: #000000;\"><a style=\"color: #000000;\" href=\"http:\/\/www.rekfoto.ee\/kliendid\/tervise-paradiisi-spaa-hotell-ja-veekeskus\/\">TERVISE PARADIISI SPAA-<\/a><\/span><\/p><p><span style=\"color: #000000;\"><a style=\"color: #000000;\" href=\"http:\/\/www.rekfoto.ee\/kliendid\/tervise-paradiisi-spaa-hotell-ja-veekeskus\/\">HOTELL JA VEEKESKUS<\/a><\/span><\/p><p>\u00a0<\/p><p><span style=\"color: #000000;\"><a style=\"color: #000000;\" href=\"http:\/\/www.rekfoto.ee\/kliendid\/gabriel-scientific\/\">SLEEPANGEL<\/a><\/span><\/p><p>\u00a0<\/p><p><span style=\"color: #000000;\"><a style=\"color: #000000;\" href=\"http:\/\/www.rekfoto.ee\/kliendid\/classic-catering\/\">CLASSIC CATERING<\/a><\/span><\/p><p>\u00a0<\/p><p><span style=\"color: #000000;\"><a style=\"color: #000000;\" href=\"http:\/\/www.rekfoto.ee\/kliendid\/parnu-linnavalitsus\/\">P\u00c4RNU LINNAVALITSUS<\/a><\/span><\/p><p>\u00a0<\/p><p><span style=\"color: #000000;\"><a style=\"color: #000000;\" href=\"http:\/\/www.rekfoto.ee\/kliendid\/parnumaa-arenduskeskus\/\">P\u00c4RNUMAA ARENDUSKESKUS<\/a><\/span><\/p><p>\u00a0<\/p><p><span style=\"color: #000000;\"><a style=\"color: #000000;\" href=\"http:\/\/www.rekfoto.ee\/kliendid\/tervise-ravispaa\/\">TERVISE RAVISPAAHOTELL<\/a><\/span><\/p><p>\u00a0<\/p><p><span style=\"color: #000000;\"><a style=\"color: #000000;\" href=\"http:\/\/www.rekfoto.ee\/kliendid\/wendre\/\">WENDRE<\/a><\/span><\/p><p>\u00a0<\/p><p><span style=\"color: #000000;\"><a style=\"color: #000000;\" href=\"http:\/\/www.rekfoto.ee\/kliendid\/hydrokoda\/\">HYDROKODA<\/a><\/span><\/p><p>\u00a0<\/p><p><span style=\"color: #000000;\"><a style=\"color: #000000;\" href=\"http:\/\/www.rekfoto.ee\/kliendid\/tartu-ulikooli-parnu-kolledz\/\">T\u00dc P\u00c4RNU <\/a><a style=\"color: #000000;\" href=\"http:\/\/www.rekfoto.ee\/kliendid\/tartu-ulikooli-parnu-kolledz\/\">KOLLED\u017d<\/a><\/span><\/p><p>\u00a0<\/p><p><span style=\"color: #000000;\"><a style=\"color: #000000;\" href=\"http:\/\/www.rekfoto.ee\/kliendid\/retail-security\/\">REATIL SECURITY<\/a><\/span><\/p><p>\u00a0<\/p><p><span style=\"color: #000000;\"><a style=\"color: #000000;\" href=\"http:\/\/www.rekfoto.ee\/kliendid\/valgeranna-puhkekeskus\/\">VALGERANNA PUHKEKESKUS<\/a><\/span><\/p><p>\u00a0<\/p><p><span style=\"color: #000000;\"><a style=\"color: #000000;\" href=\"http:\/\/www.rekfoto.ee\/kliendid\/rager\/\">RAGER<\/a><\/span><\/p>\t\t\t\t\t\t<\/div>\n\t\t\t\t<\/div>\n\t\t\t\t\t<\/div>\n\t\t<\/div>\n\t\t\t\t<div class=\"elementor-column elementor-col-50 elementor-top-column elementor-element elementor-element-585728f7\" data-id=\"585728f7\" data-element_type=\"column\">\n\t\t\t<div class=\"elementor-widget-wrap elementor-element-populated\">\n\t\t\t\t\t\t<div class=\"elementor-element elementor-element-237cc843 elementor-widget elementor-widget-shortcode\" data-id=\"237cc843\" data-element_type=\"widget\" data-widget_type=\"shortcode.default\">\n\t\t\t\t<div class=\"elementor-widget-container\">\n\t\t\t\t\t<div class=\"elementor-shortcode\"><div id=\"jig1\" class=\"justified-image-grid jig-3e837372db68cbafac6952667e9a25f0 jig-preset-1 jig-source-wp-gallery\"><div class=\"jig-clearfix\"><\/div><noscript id=\"jig1-html\" class=\"justified-image-grid-html\" data-lazy-src=\"skiplazyload\" data-src=\"skipunveillazyload\"><ul><li><a href=\"https:\/\/www.rekfoto.ee\/wp-content\/uploads\/2018\/04\/REKfoto_portfoolio_wendre_tootefoto_Graafiline_disain_tootefoto_parnu_fotograaf-7-1024x682.jpg\"><img fetchpriority=\"high\" decoding=\"async\" src=\"https:\/\/www.rekfoto.ee\/wp-content\/plugins\/justified-image-grid\/timthumb.php?src=https%3A%2F%2Fwww.rekfoto.ee%2Fwp-content%2Fuploads%2F2018%2F04%2FREKfoto_portfoolio_wendre_tootefoto_Graafiline_disain_tootefoto_parnu_fotograaf-7-1024x682.jpg&amp;h=290&amp;q=90&amp;f=.jpg\" alt=\"Wendre\" width=\"435\" height=\"290\" \/><\/a><p class=\"jig-HTMLdescription\">Wendre<\/p><\/li><li><a href=\"https:\/\/www.rekfoto.ee\/wp-content\/uploads\/2018\/04\/REKfoto_portfoolio_wendre_tootefoto_Graafiline_disain_tootefoto_parnu_fotograaf-1-683x1024.jpg\"><img decoding=\"async\" src=\"https:\/\/www.rekfoto.ee\/wp-content\/plugins\/justified-image-grid\/timthumb.php?src=https%3A%2F%2Fwww.rekfoto.ee%2Fwp-content%2Fuploads%2F2018%2F04%2FREKfoto_portfoolio_wendre_tootefoto_Graafiline_disain_tootefoto_parnu_fotograaf-1-683x1024.jpg&amp;h=290&amp;q=90&amp;f=.jpg\" alt=\"Wendre\" width=\"193\" height=\"290\" \/><\/a><p class=\"jig-HTMLdescription\">Wendre<\/p><\/li><li><a href=\"https:\/\/www.rekfoto.ee\/wp-content\/uploads\/2018\/04\/REKfoto_portfoolio_wendre_tootefoto_Graafiline_disain_tootefoto_parnu_fotograaf-18-1024x682.jpg\"><img decoding=\"async\" src=\"https:\/\/www.rekfoto.ee\/wp-content\/plugins\/justified-image-grid\/timthumb.php?src=https%3A%2F%2Fwww.rekfoto.ee%2Fwp-content%2Fuploads%2F2018%2F04%2FREKfoto_portfoolio_wendre_tootefoto_Graafiline_disain_tootefoto_parnu_fotograaf-18-1024x682.jpg&amp;h=290&amp;q=90&amp;f=.jpg\" alt=\"Wendre\" width=\"435\" height=\"290\" \/><\/a><p class=\"jig-HTMLdescription\">Wendre<\/p><\/li><li><a href=\"https:\/\/www.rekfoto.ee\/wp-content\/uploads\/2018\/04\/REKfoto_portfoolio_wendre_tootefoto_Graafiline_disain_tootefoto_parnu_fotograaf-2-1024x819.jpg\"><img loading=\"lazy\" decoding=\"async\" src=\"https:\/\/www.rekfoto.ee\/wp-content\/plugins\/justified-image-grid\/timthumb.php?src=https%3A%2F%2Fwww.rekfoto.ee%2Fwp-content%2Fuploads%2F2018%2F04%2FREKfoto_portfoolio_wendre_tootefoto_Graafiline_disain_tootefoto_parnu_fotograaf-2-1024x819.jpg&amp;h=290&amp;q=90&amp;f=.jpg\" alt=\"Wendre\" width=\"362\" height=\"290\" \/><\/a><p class=\"jig-HTMLdescription\">Wendre<\/p><\/li><li><a href=\"https:\/\/www.rekfoto.ee\/wp-content\/uploads\/2018\/04\/REKfoto_portfoolio_wendre_tootefoto_Graafiline_disain_tootefoto_parnu_fotograaf-3-1024x682.jpg\"><img loading=\"lazy\" decoding=\"async\" src=\"https:\/\/www.rekfoto.ee\/wp-content\/plugins\/justified-image-grid\/timthumb.php?src=https%3A%2F%2Fwww.rekfoto.ee%2Fwp-content%2Fuploads%2F2018%2F04%2FREKfoto_portfoolio_wendre_tootefoto_Graafiline_disain_tootefoto_parnu_fotograaf-3-1024x682.jpg&amp;h=290&amp;q=90&amp;f=.jpg\" alt=\"Wendre\" width=\"435\" height=\"290\" \/><\/a><p class=\"jig-HTMLdescription\">Wendre<\/p><\/li><li><a href=\"https:\/\/www.rekfoto.ee\/wp-content\/uploads\/2018\/04\/REKfoto_portfoolio_wendre_tootefoto_Graafiline_disain_tootefoto_parnu_fotograaf-25-1024x682.jpg\"><img loading=\"lazy\" decoding=\"async\" src=\"https:\/\/www.rekfoto.ee\/wp-content\/plugins\/justified-image-grid\/timthumb.php?src=https%3A%2F%2Fwww.rekfoto.ee%2Fwp-content%2Fuploads%2F2018%2F04%2FREKfoto_portfoolio_wendre_tootefoto_Graafiline_disain_tootefoto_parnu_fotograaf-25-1024x682.jpg&amp;h=290&amp;q=90&amp;f=.jpg\" alt=\"Wendre\" width=\"435\" height=\"290\" \/><\/a><p class=\"jig-HTMLdescription\">Wendre<\/p><\/li><li><a href=\"https:\/\/www.rekfoto.ee\/wp-content\/uploads\/2018\/04\/REKfoto_portfoolio_wendre_tootefoto_Graafiline_disain_tootefoto_parnu_fotograaf-22-682x1024.jpg\"><img loading=\"lazy\" decoding=\"async\" src=\"https:\/\/www.rekfoto.ee\/wp-content\/plugins\/justified-image-grid\/timthumb.php?src=https%3A%2F%2Fwww.rekfoto.ee%2Fwp-content%2Fuploads%2F2018%2F04%2FREKfoto_portfoolio_wendre_tootefoto_Graafiline_disain_tootefoto_parnu_fotograaf-22-682x1024.jpg&amp;h=290&amp;q=90&amp;f=.jpg\" alt=\"Wendre\" width=\"193\" height=\"290\" \/><\/a><p class=\"jig-HTMLdescription\">Wendre<\/p><\/li><li><a href=\"https:\/\/www.rekfoto.ee\/wp-content\/uploads\/2018\/04\/REKfoto_portfoolio_wendre_tootefoto_Graafiline_disain_tootefoto_parnu_fotograaf-4-1024x682.jpg\"><img loading=\"lazy\" decoding=\"async\" src=\"https:\/\/www.rekfoto.ee\/wp-content\/plugins\/justified-image-grid\/timthumb.php?src=https%3A%2F%2Fwww.rekfoto.ee%2Fwp-content%2Fuploads%2F2018%2F04%2FREKfoto_portfoolio_wendre_tootefoto_Graafiline_disain_tootefoto_parnu_fotograaf-4-1024x682.jpg&amp;h=290&amp;q=90&amp;f=.jpg\" alt=\"Wendre\" width=\"435\" height=\"290\" \/><\/a><p class=\"jig-HTMLdescription\">Wendre<\/p><\/li><li><a href=\"https:\/\/www.rekfoto.ee\/wp-content\/uploads\/2018\/04\/REKfoto_portfoolio_wendre_tootefoto_Graafiline_disain_tootefoto_parnu_fotograaf-9-1024x682.jpg\"><img loading=\"lazy\" decoding=\"async\" src=\"https:\/\/www.rekfoto.ee\/wp-content\/plugins\/justified-image-grid\/timthumb.php?src=https%3A%2F%2Fwww.rekfoto.ee%2Fwp-content%2Fuploads%2F2018%2F04%2FREKfoto_portfoolio_wendre_tootefoto_Graafiline_disain_tootefoto_parnu_fotograaf-9-1024x682.jpg&amp;h=290&amp;q=90&amp;f=.jpg\" alt=\"Wendre\" width=\"435\" height=\"290\" \/><\/a><p class=\"jig-HTMLdescription\">Wendre<\/p><\/li><li><a href=\"https:\/\/www.rekfoto.ee\/wp-content\/uploads\/2018\/04\/REKfoto_portfoolio_wendre_tootefoto_Graafiline_disain_tootefoto_parnu_fotograaf-6-682x1024.jpg\"><img loading=\"lazy\" decoding=\"async\" src=\"https:\/\/www.rekfoto.ee\/wp-content\/plugins\/justified-image-grid\/timthumb.php?src=https%3A%2F%2Fwww.rekfoto.ee%2Fwp-content%2Fuploads%2F2018%2F04%2FREKfoto_portfoolio_wendre_tootefoto_Graafiline_disain_tootefoto_parnu_fotograaf-6-682x1024.jpg&amp;h=290&amp;q=90&amp;f=.jpg\" alt=\"Wendre\" width=\"193\" height=\"290\" \/><\/a><p class=\"jig-HTMLdescription\">Wendre<\/p><\/li><li><a href=\"https:\/\/www.rekfoto.ee\/wp-content\/uploads\/2018\/04\/REKfoto_portfoolio_wendre_tootefoto_Graafiline_disain_tootefoto_parnu_fotograaf-8-1024x682.jpg\"><img loading=\"lazy\" decoding=\"async\" src=\"https:\/\/www.rekfoto.ee\/wp-content\/plugins\/justified-image-grid\/timthumb.php?src=https%3A%2F%2Fwww.rekfoto.ee%2Fwp-content%2Fuploads%2F2018%2F04%2FREKfoto_portfoolio_wendre_tootefoto_Graafiline_disain_tootefoto_parnu_fotograaf-8-1024x682.jpg&amp;h=290&amp;q=90&amp;f=.jpg\" alt=\"Wendre\" width=\"435\" height=\"290\" \/><\/a><p class=\"jig-HTMLdescription\">Wendre<\/p><\/li><li><a href=\"https:\/\/www.rekfoto.ee\/wp-content\/uploads\/2018\/04\/REKfoto_portfoolio_wendre_tootefoto_Graafiline_disain_tootefoto_parnu_fotograaf-10-1024x682.jpg\"><img loading=\"lazy\" decoding=\"async\" src=\"https:\/\/www.rekfoto.ee\/wp-content\/plugins\/justified-image-grid\/timthumb.php?src=https%3A%2F%2Fwww.rekfoto.ee%2Fwp-content%2Fuploads%2F2018%2F04%2FREKfoto_portfoolio_wendre_tootefoto_Graafiline_disain_tootefoto_parnu_fotograaf-10-1024x682.jpg&amp;h=290&amp;q=90&amp;f=.jpg\" alt=\"Wendre\" width=\"435\" height=\"290\" \/><\/a><p class=\"jig-HTMLdescription\">Wendre<\/p><\/li><li><a href=\"https:\/\/www.rekfoto.ee\/wp-content\/uploads\/2018\/04\/REKfoto_portfoolio_wendre_tootefoto_Graafiline_disain_tootefoto_parnu_fotograaf-19-775x1024.jpg\"><img loading=\"lazy\" decoding=\"async\" src=\"https:\/\/www.rekfoto.ee\/wp-content\/plugins\/justified-image-grid\/timthumb.php?src=https%3A%2F%2Fwww.rekfoto.ee%2Fwp-content%2Fuploads%2F2018%2F04%2FREKfoto_portfoolio_wendre_tootefoto_Graafiline_disain_tootefoto_parnu_fotograaf-19-775x1024.jpg&amp;h=290&amp;q=90&amp;f=.jpg\" alt=\"Wendre\" width=\"219\" height=\"290\" \/><\/a><p class=\"jig-HTMLdescription\">Wendre<\/p><\/li><li><a href=\"https:\/\/www.rekfoto.ee\/wp-content\/uploads\/2018\/04\/REKfoto_portfoolio_wendre_tootefoto_Graafiline_disain_tootefoto_parnu_fotograaf-14-1024x682.jpg\"><img loading=\"lazy\" decoding=\"async\" src=\"https:\/\/www.rekfoto.ee\/wp-content\/plugins\/justified-image-grid\/timthumb.php?src=https%3A%2F%2Fwww.rekfoto.ee%2Fwp-content%2Fuploads%2F2018%2F04%2FREKfoto_portfoolio_wendre_tootefoto_Graafiline_disain_tootefoto_parnu_fotograaf-14-1024x682.jpg&amp;h=290&amp;q=90&amp;f=.jpg\" alt=\"Wendre\" width=\"435\" height=\"290\" \/><\/a><p class=\"jig-HTMLdescription\">Wendre<\/p><\/li><li><a href=\"https:\/\/www.rekfoto.ee\/wp-content\/uploads\/2018\/04\/REKfoto_portfoolio_wendre_tootefoto_Graafiline_disain_tootefoto_parnu_fotograaf-34-1024x682.jpg\"><img loading=\"lazy\" decoding=\"async\" src=\"https:\/\/www.rekfoto.ee\/wp-content\/plugins\/justified-image-grid\/timthumb.php?src=https%3A%2F%2Fwww.rekfoto.ee%2Fwp-content%2Fuploads%2F2018%2F04%2FREKfoto_portfoolio_wendre_tootefoto_Graafiline_disain_tootefoto_parnu_fotograaf-34-1024x682.jpg&amp;h=290&amp;q=90&amp;f=.jpg\" alt=\"Wendre\" width=\"435\" height=\"290\" \/><\/a><p class=\"jig-HTMLdescription\">Wendre<\/p><\/li><li><a href=\"https:\/\/www.rekfoto.ee\/wp-content\/uploads\/2018\/04\/REKfoto_portfoolio_wendre_tootefoto_Graafiline_disain_tootefoto_parnu_fotograaf-15-1024x682.jpg\"><img loading=\"lazy\" decoding=\"async\" src=\"https:\/\/www.rekfoto.ee\/wp-content\/plugins\/justified-image-grid\/timthumb.php?src=https%3A%2F%2Fwww.rekfoto.ee%2Fwp-content%2Fuploads%2F2018%2F04%2FREKfoto_portfoolio_wendre_tootefoto_Graafiline_disain_tootefoto_parnu_fotograaf-15-1024x682.jpg&amp;h=290&amp;q=90&amp;f=.jpg\" alt=\"Wendre\" width=\"435\" height=\"290\" \/><\/a><p class=\"jig-HTMLdescription\">Wendre<\/p><\/li><li><a href=\"https:\/\/www.rekfoto.ee\/wp-content\/uploads\/2018\/04\/REKfoto_portfoolio_wendre_tootefoto_Graafiline_disain_tootefoto_parnu_fotograaf-16-1024x682.jpg\"><img loading=\"lazy\" decoding=\"async\" src=\"https:\/\/www.rekfoto.ee\/wp-content\/plugins\/justified-image-grid\/timthumb.php?src=https%3A%2F%2Fwww.rekfoto.ee%2Fwp-content%2Fuploads%2F2018%2F04%2FREKfoto_portfoolio_wendre_tootefoto_Graafiline_disain_tootefoto_parnu_fotograaf-16-1024x682.jpg&amp;h=290&amp;q=90&amp;f=.jpg\" alt=\"Wendre\" width=\"435\" height=\"290\" \/><\/a><p class=\"jig-HTMLdescription\">Wendre<\/p><\/li><li><a href=\"https:\/\/www.rekfoto.ee\/wp-content\/uploads\/2018\/04\/REKfoto_portfoolio_wendre_tootefoto_Graafiline_disain_tootefoto_parnu_fotograaf-17-1024x682.jpg\"><img loading=\"lazy\" decoding=\"async\" src=\"https:\/\/www.rekfoto.ee\/wp-content\/plugins\/justified-image-grid\/timthumb.php?src=https%3A%2F%2Fwww.rekfoto.ee%2Fwp-content%2Fuploads%2F2018%2F04%2FREKfoto_portfoolio_wendre_tootefoto_Graafiline_disain_tootefoto_parnu_fotograaf-17-1024x682.jpg&amp;h=290&amp;q=90&amp;f=.jpg\" alt=\"Wendre\" width=\"435\" height=\"290\" \/><\/a><p class=\"jig-HTMLdescription\">Wendre<\/p><\/li><li><a href=\"https:\/\/www.rekfoto.ee\/wp-content\/uploads\/2018\/04\/REKfoto_portfoolio_wendre_tootefoto_Graafiline_disain_tootefoto_parnu_fotograaf-20-1024x682.jpg\"><img loading=\"lazy\" decoding=\"async\" src=\"https:\/\/www.rekfoto.ee\/wp-content\/plugins\/justified-image-grid\/timthumb.php?src=https%3A%2F%2Fwww.rekfoto.ee%2Fwp-content%2Fuploads%2F2018%2F04%2FREKfoto_portfoolio_wendre_tootefoto_Graafiline_disain_tootefoto_parnu_fotograaf-20-1024x682.jpg&amp;h=290&amp;q=90&amp;f=.jpg\" alt=\"Wendre\" width=\"435\" height=\"290\" \/><\/a><p class=\"jig-HTMLdescription\">Wendre<\/p><\/li><li><a href=\"https:\/\/www.rekfoto.ee\/wp-content\/uploads\/2018\/04\/REKfoto_portfoolio_wendre_tootefoto_Graafiline_disain_tootefoto_parnu_fotograaf-21-682x1024.jpg\"><img loading=\"lazy\" decoding=\"async\" src=\"https:\/\/www.rekfoto.ee\/wp-content\/plugins\/justified-image-grid\/timthumb.php?src=https%3A%2F%2Fwww.rekfoto.ee%2Fwp-content%2Fuploads%2F2018%2F04%2FREKfoto_portfoolio_wendre_tootefoto_Graafiline_disain_tootefoto_parnu_fotograaf-21-682x1024.jpg&amp;h=290&amp;q=90&amp;f=.jpg\" alt=\"Wendre\" width=\"193\" height=\"290\" \/><\/a><p class=\"jig-HTMLdescription\">Wendre<\/p><\/li><li><a href=\"https:\/\/www.rekfoto.ee\/wp-content\/uploads\/2018\/04\/REKfoto_portfoolio_wendre_tootefoto_Graafiline_disain_tootefoto_parnu_fotograaf-28-1024x458.jpg\"><img loading=\"lazy\" decoding=\"async\" src=\"https:\/\/www.rekfoto.ee\/wp-content\/plugins\/justified-image-grid\/timthumb.php?src=https%3A%2F%2Fwww.rekfoto.ee%2Fwp-content%2Fuploads%2F2018%2F04%2FREKfoto_portfoolio_wendre_tootefoto_Graafiline_disain_tootefoto_parnu_fotograaf-28-1024x458.jpg&amp;h=290&amp;q=90&amp;f=.jpg\" alt=\"Wendre\" width=\"648\" height=\"290\" \/><\/a><p class=\"jig-HTMLdescription\">Wendre<\/p><\/li><li><a href=\"https:\/\/www.rekfoto.ee\/wp-content\/uploads\/2018\/04\/REKfoto_portfoolio_wendre_tootefoto_Graafiline_disain_tootefoto_parnu_fotograaf-23-682x1024.jpg\"><img loading=\"lazy\" decoding=\"async\" src=\"https:\/\/www.rekfoto.ee\/wp-content\/plugins\/justified-image-grid\/timthumb.php?src=https%3A%2F%2Fwww.rekfoto.ee%2Fwp-content%2Fuploads%2F2018%2F04%2FREKfoto_portfoolio_wendre_tootefoto_Graafiline_disain_tootefoto_parnu_fotograaf-23-682x1024.jpg&amp;h=290&amp;q=90&amp;f=.jpg\" alt=\"Wendre\" width=\"193\" height=\"290\" \/><\/a><p class=\"jig-HTMLdescription\">Wendre<\/p><\/li><li><a href=\"https:\/\/www.rekfoto.ee\/wp-content\/uploads\/2018\/04\/REKfoto_portfoolio_wendre_tootefoto_Graafiline_disain_tootefoto_parnu_fotograaf-5-1024x682.jpg\"><img loading=\"lazy\" decoding=\"async\" src=\"https:\/\/www.rekfoto.ee\/wp-content\/plugins\/justified-image-grid\/timthumb.php?src=https%3A%2F%2Fwww.rekfoto.ee%2Fwp-content%2Fuploads%2F2018%2F04%2FREKfoto_portfoolio_wendre_tootefoto_Graafiline_disain_tootefoto_parnu_fotograaf-5-1024x682.jpg&amp;h=290&amp;q=90&amp;f=.jpg\" alt=\"Wendre\" width=\"435\" height=\"290\" \/><\/a><p class=\"jig-HTMLdescription\">Wendre<\/p><\/li><li><a href=\"https:\/\/www.rekfoto.ee\/wp-content\/uploads\/2018\/04\/REKfoto_portfoolio_wendre_tootefoto_Graafiline_disain_tootefoto_parnu_fotograaf-30-1024x682.jpg\"><img loading=\"lazy\" decoding=\"async\" src=\"https:\/\/www.rekfoto.ee\/wp-content\/plugins\/justified-image-grid\/timthumb.php?src=https%3A%2F%2Fwww.rekfoto.ee%2Fwp-content%2Fuploads%2F2018%2F04%2FREKfoto_portfoolio_wendre_tootefoto_Graafiline_disain_tootefoto_parnu_fotograaf-30-1024x682.jpg&amp;h=290&amp;q=90&amp;f=.jpg\" alt=\"Wendre\" width=\"435\" height=\"290\" \/><\/a><p class=\"jig-HTMLdescription\">Wendre<\/p><\/li><li><a href=\"https:\/\/www.rekfoto.ee\/wp-content\/uploads\/2018\/04\/REKfoto_portfoolio_wendre_tootefoto_Graafiline_disain_tootefoto_parnu_fotograaf-26-1024x682.jpg\"><img loading=\"lazy\" decoding=\"async\" src=\"https:\/\/www.rekfoto.ee\/wp-content\/plugins\/justified-image-grid\/timthumb.php?src=https%3A%2F%2Fwww.rekfoto.ee%2Fwp-content%2Fuploads%2F2018%2F04%2FREKfoto_portfoolio_wendre_tootefoto_Graafiline_disain_tootefoto_parnu_fotograaf-26-1024x682.jpg&amp;h=290&amp;q=90&amp;f=.jpg\" alt=\"Wendre\" width=\"435\" height=\"290\" \/><\/a><p class=\"jig-HTMLdescription\">Wendre<\/p><\/li><li><a href=\"https:\/\/www.rekfoto.ee\/wp-content\/uploads\/2018\/04\/REKfoto_portfoolio_wendre_tootefoto_Graafiline_disain_tootefoto_parnu_fotograaf-29-682x1024.jpg\"><img loading=\"lazy\" decoding=\"async\" src=\"https:\/\/www.rekfoto.ee\/wp-content\/plugins\/justified-image-grid\/timthumb.php?src=https%3A%2F%2Fwww.rekfoto.ee%2Fwp-content%2Fuploads%2F2018%2F04%2FREKfoto_portfoolio_wendre_tootefoto_Graafiline_disain_tootefoto_parnu_fotograaf-29-682x1024.jpg&amp;h=290&amp;q=90&amp;f=.jpg\" alt=\"Wendre\" width=\"193\" height=\"290\" \/><\/a><p class=\"jig-HTMLdescription\">Wendre<\/p><\/li><li><a href=\"https:\/\/www.rekfoto.ee\/wp-content\/uploads\/2018\/04\/REKfoto_portfoolio_wendre_tootefoto_Graafiline_disain_tootefoto_parnu_fotograaf-11-1024x682.jpg\"><img loading=\"lazy\" decoding=\"async\" src=\"https:\/\/www.rekfoto.ee\/wp-content\/plugins\/justified-image-grid\/timthumb.php?src=https%3A%2F%2Fwww.rekfoto.ee%2Fwp-content%2Fuploads%2F2018%2F04%2FREKfoto_portfoolio_wendre_tootefoto_Graafiline_disain_tootefoto_parnu_fotograaf-11-1024x682.jpg&amp;h=290&amp;q=90&amp;f=.jpg\" alt=\"Wendre\" width=\"435\" height=\"290\" \/><\/a><p class=\"jig-HTMLdescription\">Wendre<\/p><\/li><li><a href=\"https:\/\/www.rekfoto.ee\/wp-content\/uploads\/2018\/04\/REKfoto_portfoolio_wendre_tootefoto_Graafiline_disain_tootefoto_parnu_fotograaf-32-1024x676.jpg\"><img loading=\"lazy\" decoding=\"async\" src=\"https:\/\/www.rekfoto.ee\/wp-content\/plugins\/justified-image-grid\/timthumb.php?src=https%3A%2F%2Fwww.rekfoto.ee%2Fwp-content%2Fuploads%2F2018%2F04%2FREKfoto_portfoolio_wendre_tootefoto_Graafiline_disain_tootefoto_parnu_fotograaf-32-1024x676.jpg&amp;h=290&amp;q=90&amp;f=.jpg\" alt=\"Wendre\" width=\"439\" height=\"290\" \/><\/a><p class=\"jig-HTMLdescription\">Wendre<\/p><\/li><li><a href=\"https:\/\/www.rekfoto.ee\/wp-content\/uploads\/2018\/04\/REKfoto_portfoolio_wendre_tootefoto_Graafiline_disain_tootefoto_parnu_fotograaf-12-1024x682.jpg\"><img loading=\"lazy\" decoding=\"async\" src=\"https:\/\/www.rekfoto.ee\/wp-content\/plugins\/justified-image-grid\/timthumb.php?src=https%3A%2F%2Fwww.rekfoto.ee%2Fwp-content%2Fuploads%2F2018%2F04%2FREKfoto_portfoolio_wendre_tootefoto_Graafiline_disain_tootefoto_parnu_fotograaf-12-1024x682.jpg&amp;h=290&amp;q=90&amp;f=.jpg\" alt=\"Wendre\" width=\"435\" height=\"290\" \/><\/a><p class=\"jig-HTMLdescription\">Wendre<\/p><\/li><li><a href=\"https:\/\/www.rekfoto.ee\/wp-content\/uploads\/2018\/04\/REKfoto_portfoolio_wendre_tootefoto_Graafiline_disain_tootefoto_parnu_fotograaf-33-1024x682.jpg\"><img loading=\"lazy\" decoding=\"async\" src=\"https:\/\/www.rekfoto.ee\/wp-content\/plugins\/justified-image-grid\/timthumb.php?src=https%3A%2F%2Fwww.rekfoto.ee%2Fwp-content%2Fuploads%2F2018%2F04%2FREKfoto_portfoolio_wendre_tootefoto_Graafiline_disain_tootefoto_parnu_fotograaf-33-1024x682.jpg&amp;h=290&amp;q=90&amp;f=.jpg\" alt=\"Wendre\" width=\"435\" height=\"290\" \/><\/a><p class=\"jig-HTMLdescription\">Wendre<\/p><\/li><li><a href=\"https:\/\/www.rekfoto.ee\/wp-content\/uploads\/2018\/04\/REKfoto_portfoolio_wendre_tootefoto_Graafiline_disain_tootefoto_parnu_fotograaf-24-1024x682.jpg\"><img loading=\"lazy\" decoding=\"async\" src=\"https:\/\/www.rekfoto.ee\/wp-content\/plugins\/justified-image-grid\/timthumb.php?src=https%3A%2F%2Fwww.rekfoto.ee%2Fwp-content%2Fuploads%2F2018%2F04%2FREKfoto_portfoolio_wendre_tootefoto_Graafiline_disain_tootefoto_parnu_fotograaf-24-1024x682.jpg&amp;h=290&amp;q=90&amp;f=.jpg\" alt=\"Wendre\" width=\"435\" height=\"290\" \/><\/a><p class=\"jig-HTMLdescription\">Wendre<\/p><\/li><li><a href=\"https:\/\/www.rekfoto.ee\/wp-content\/uploads\/2018\/04\/REKfoto_portfoolio_wendre_tootefoto_Graafiline_disain_tootefoto_parnu_fotograaf-27-1024x682.jpg\"><img loading=\"lazy\" decoding=\"async\" src=\"https:\/\/www.rekfoto.ee\/wp-content\/plugins\/justified-image-grid\/timthumb.php?src=https%3A%2F%2Fwww.rekfoto.ee%2Fwp-content%2Fuploads%2F2018%2F04%2FREKfoto_portfoolio_wendre_tootefoto_Graafiline_disain_tootefoto_parnu_fotograaf-27-1024x682.jpg&amp;h=290&amp;q=90&amp;f=.jpg\" alt=\"Wendre\" width=\"435\" height=\"290\" \/><\/a><p class=\"jig-HTMLdescription\">Wendre<\/p><\/li><li><a href=\"https:\/\/www.rekfoto.ee\/wp-content\/uploads\/2018\/04\/REKfoto_portfoolio_wendre_tootefoto_Graafiline_disain_tootefoto_parnu_fotograaf-35-1024x682.jpg\"><img loading=\"lazy\" decoding=\"async\" src=\"https:\/\/www.rekfoto.ee\/wp-content\/plugins\/justified-image-grid\/timthumb.php?src=https%3A%2F%2Fwww.rekfoto.ee%2Fwp-content%2Fuploads%2F2018%2F04%2FREKfoto_portfoolio_wendre_tootefoto_Graafiline_disain_tootefoto_parnu_fotograaf-35-1024x682.jpg&amp;h=290&amp;q=90&amp;f=.jpg\" alt=\"Wendre\" width=\"435\" height=\"290\" \/><\/a><p class=\"jig-HTMLdescription\">Wendre<\/p><\/li><li><a href=\"https:\/\/www.rekfoto.ee\/wp-content\/uploads\/2018\/04\/REKfoto_portfoolio_wendre_tootefoto_Graafiline_disain_tootefoto_parnu_fotograaf-31-1024x591.jpg\"><img loading=\"lazy\" decoding=\"async\" src=\"https:\/\/www.rekfoto.ee\/wp-content\/plugins\/justified-image-grid\/timthumb.php?src=https%3A%2F%2Fwww.rekfoto.ee%2Fwp-content%2Fuploads%2F2018%2F04%2FREKfoto_portfoolio_wendre_tootefoto_Graafiline_disain_tootefoto_parnu_fotograaf-31-1024x591.jpg&amp;h=290&amp;q=90&amp;f=.jpg\" alt=\"Wendre\" width=\"502\" height=\"290\" \/><\/a><p class=\"jig-HTMLdescription\">Wendre<\/p><\/li><li><a href=\"https:\/\/www.rekfoto.ee\/wp-content\/uploads\/2018\/04\/REKfoto_portfoolio_wendre_tootefoto_Graafiline_disain_tootefoto_parnu_fotograaf-13-1024x682.jpg\"><img loading=\"lazy\" decoding=\"async\" src=\"https:\/\/www.rekfoto.ee\/wp-content\/plugins\/justified-image-grid\/timthumb.php?src=https%3A%2F%2Fwww.rekfoto.ee%2Fwp-content%2Fuploads%2F2018%2F04%2FREKfoto_portfoolio_wendre_tootefoto_Graafiline_disain_tootefoto_parnu_fotograaf-13-1024x682.jpg&amp;h=290&amp;q=90&amp;f=.jpg\" alt=\"Wendre\" width=\"435\" height=\"290\" \/><\/a><p class=\"jig-HTMLdescription\">Wendre<\/p><\/li><\/ul><\/noscript><\/div><\/div>\n\t\t\t\t<\/div>\n\t\t\t\t<\/div>\n\t\t\t\t\t<\/div>\n\t\t<\/div>\n\t\t\t\t\t<\/div>\n\t\t<\/section>\n\t\t\t\t<\/div>\n\t\t","protected":false},"excerpt":{"rendered":"<p>ADREM P\u00c4RNU \u00a0 HEDON SPA &amp; HOTEL \u00a0 TERVISE PARADIISI SPAA- HOTELL JA VEEKESKUS \u00a0 GABRIEL SCIENTIFIC \u00a0 CLASSIC CATERING \u00a0 P\u00c4RNU LINNAVALITSUS \u00a0 123OK \u00a0 TERVISE RAVISPAA \u00a0 WENDRE \u00a0 HYDROKODA \u00a0 T\u00dc P\u00c4RNU KOLLED\u017d \u00a0 REATIL SECURITY \u00a0 VALGERANNA PUHKEKESKUS \u00a0 RAGER<\/p>\n","protected":false},"author":2,"featured_media":0,"parent":7103,"menu_order":0,"comment_status":"closed","ping_status":"closed","template":"","meta":{"footnotes":""},"_links":{"self":[{"href":"https:\/\/www.rekfoto.ee\/en\/wp-json\/wp\/v2\/pages\/7179"}],"collection":[{"href":"https:\/\/www.rekfoto.ee\/en\/wp-json\/wp\/v2\/pages"}],"about":[{"href":"https:\/\/www.rekfoto.ee\/en\/wp-json\/wp\/v2\/types\/page"}],"author":[{"embeddable":true,"href":"https:\/\/www.rekfoto.ee\/en\/wp-json\/wp\/v2\/users\/2"}],"replies":[{"embeddable":true,"href":"https:\/\/www.rekfoto.ee\/en\/wp-json\/wp\/v2\/comments?post=7179"}],"version-history":[{"count":4,"href":"https:\/\/www.rekfoto.ee\/en\/wp-json\/wp\/v2\/pages\/7179\/revisions"}],"predecessor-version":[{"id":7648,"href":"https:\/\/www.rekfoto.ee\/en\/wp-json\/wp\/v2\/pages\/7179\/revisions\/7648"}],"up":[{"embeddable":true,"href":"https:\/\/www.rekfoto.ee\/en\/wp-json\/wp\/v2\/pages\/7103"}],"wp:attachment":[{"href":"https:\/\/www.rekfoto.ee\/en\/wp-json\/wp\/v2\/media?parent=7179"}],"curies":[{"name":"wp","href":"https:\/\/api.w.org\/{rel}","templated":true}]}}