{"id":8225,"date":"2018-06-04T09:44:45","date_gmt":"2018-06-04T06:44:45","guid":{"rendered":"https:\/\/www.rekfoto.ee\/photogallery\/gallery29\/"},"modified":"2018-06-04T09:44:45","modified_gmt":"2018-06-04T06:44:45","slug":"gallery29","status":"publish","type":"page","link":"https:\/\/www.rekfoto.ee\/en\/telli\/gallery29\/","title":{"rendered":"P\u00e4rnu \u00dclej\u00f5e lasteaed 23.05"},"content":{"rendered":"","protected":true},"excerpt":{"rendered":"","protected":true},"author":1,"featured_media":0,"parent":2407,"menu_order":0,"comment_status":"closed","ping_status":"closed","template":"23.05","meta":{"footnotes":""},"_links":{"self":[{"href":"https:\/\/www.rekfoto.ee\/en\/wp-json\/wp\/v2\/pages\/8225"}],"collection":[{"href":"https:\/\/www.rekfoto.ee\/en\/wp-json\/wp\/v2\/pages"}],"about":[{"href":"https:\/\/www.rekfoto.ee\/en\/wp-json\/wp\/v2\/types\/page"}],"author":[{"embeddable":true,"href":"https:\/\/www.rekfoto.ee\/en\/wp-json\/wp\/v2\/users\/1"}],"replies":[{"embeddable":true,"href":"https:\/\/www.rekfoto.ee\/en\/wp-json\/wp\/v2\/comments?post=8225"}],"version-history":[{"count":0,"href":"https:\/\/www.rekfoto.ee\/en\/wp-json\/wp\/v2\/pages\/8225\/revisions"}],"up":[{"embeddable":true,"href":"https:\/\/www.rekfoto.ee\/en\/wp-json\/wp\/v2\/pages\/2407"}],"wp:attachment":[{"href":"https:\/\/www.rekfoto.ee\/en\/wp-json\/wp\/v2\/media?parent=8225"}],"curies":[{"name":"wp","href":"https:\/\/api.w.org\/{rel}","templated":true}]}}