{"id":8689,"date":"2019-06-18T12:06:17","date_gmt":"2019-06-18T09:06:17","guid":{"rendered":"https:\/\/www.rekfoto.ee\/telli\/gallery32\/"},"modified":"2019-06-18T12:06:17","modified_gmt":"2019-06-18T09:06:17","slug":"gallery32","status":"publish","type":"page","link":"https:\/\/www.rekfoto.ee\/en\/telli\/gallery32\/","title":{"rendered":"P\u00e4rnu \u00dclej\u00f5e Lasteaed 2019"},"content":{"rendered":"","protected":true},"excerpt":{"rendered":"","protected":true},"author":2,"featured_media":0,"parent":2407,"menu_order":0,"comment_status":"closed","ping_status":"closed","template":"","meta":{"footnotes":""},"_links":{"self":[{"href":"https:\/\/www.rekfoto.ee\/en\/wp-json\/wp\/v2\/pages\/8689"}],"collection":[{"href":"https:\/\/www.rekfoto.ee\/en\/wp-json\/wp\/v2\/pages"}],"about":[{"href":"https:\/\/www.rekfoto.ee\/en\/wp-json\/wp\/v2\/types\/page"}],"author":[{"embeddable":true,"href":"https:\/\/www.rekfoto.ee\/en\/wp-json\/wp\/v2\/users\/2"}],"replies":[{"embeddable":true,"href":"https:\/\/www.rekfoto.ee\/en\/wp-json\/wp\/v2\/comments?post=8689"}],"version-history":[{"count":0,"href":"https:\/\/www.rekfoto.ee\/en\/wp-json\/wp\/v2\/pages\/8689\/revisions"}],"up":[{"embeddable":true,"href":"https:\/\/www.rekfoto.ee\/en\/wp-json\/wp\/v2\/pages\/2407"}],"wp:attachment":[{"href":"https:\/\/www.rekfoto.ee\/en\/wp-json\/wp\/v2\/media?parent=8689"}],"curies":[{"name":"wp","href":"https:\/\/api.w.org\/{rel}","templated":true}]}}